{"id":991,"date":"2020-11-10T18:21:38","date_gmt":"2020-11-10T21:21:38","guid":{"rendered":"https:\/\/pisosinnovadores.com\/?post_type=product&#038;p=991"},"modified":"2023-09-05T14:18:50","modified_gmt":"2023-09-05T17:18:50","slug":"zocalo-de-eps-curves-80-mm-ambar-atrim-2347","status":"publish","type":"product","link":"https:\/\/pisosinnovadores.com\/2023\/producto\/zocalo-de-eps-curves-80-mm-ambar-atrim-2347\/","title":{"rendered":"Z\u00d3CALO DE EPS  CURVES 80 MM AVELLANA &#8211; ATRIM 2347"},"content":{"rendered":"<h3><strong>De color c\u00e1lido e intensidad intermedia, con vetas bien marcadas. Ideal para espacios estilo campo. Tambi\u00e9n para estilos minimalistas, donde el z\u00f3calo aporta el detalle al ambiente.<\/strong><\/h3>\n<p>De color<strong> AVELLANA<\/strong> y <strong>80<\/strong> mm de altura, de dise\u00f1o plano y l\u00edneas curvas, es una buena opci\u00f3n  de terminaci\u00f3n.<\/p>\n<h3><\/h3>\n<p>EPS \u2013 Poliestireno Expandido Reciclado: se realiza mediante un proceso innovador transformando los residuos poliestireno (telgopor) en z\u00f3calos de alta resistencia.<\/p>\n<p>Las cualidades \u00fanicas del EPS hacen que los productos elaborados con este material sean totalmente ecol\u00f3gicos.<\/p>\n<p style=\"text-align: center;\"><strong>PRECIO POR METRO LINEAL &#8211;<br \/>\nse vende por TIRA DE 2,5 MT <\/strong><\/p>\n<p>consulte Stock<\/p>\n","protected":false},"excerpt":{"rendered":"<p><a href=\"https:\/\/pisosinnovadores.com\/wp-content\/uploads\/2020\/10\/Iconos-Nuevo-Z\u00f3calos-de-EPS.png\"><img decoding=\"async\" class=\"alignnone size-medium wp-image-934\" src=\"https:\/\/pisosinnovadores.com\/wp-content\/uploads\/2020\/10\/Iconos-Nuevo-Z\u00f3calos-de-EPS-300x66.png\" alt=\"\" width=\"300\" height=\"66\" srcset=\"https:\/\/pisosinnovadores.com\/2023\/wp-content\/uploads\/2020\/10\/Iconos-Nuevo-Z\u00f3calos-de-EPS-300x66.png 300w, https:\/\/pisosinnovadores.com\/2023\/wp-content\/uploads\/2020\/10\/Iconos-Nuevo-Z\u00f3calos-de-EPS-64x14.png 64w, https:\/\/pisosinnovadores.com\/2023\/wp-content\/uploads\/2020\/10\/Iconos-Nuevo-Z\u00f3calos-de-EPS.png 499w\" sizes=\"(max-width: 300px) 100vw, 300px\" \/><\/a><\/p>\n<p>Pueden colocarse en cualquier ambiente del hogar u oficina logrando un toque distintivo en combinaci\u00f3n con cualquier tipo de piso.<br \/>\nSon aptos para colocar en lugares h\u00famedos.<br \/>\nMedidas disponibles: <strong>80 mm x 2,5 mts.<\/strong><br \/>\nRecomendados s\u00f3lo para interior.<\/p>\n<p>\u2022 Textura de madera.<br \/>\n\u2022 Anti-moho y resistentes al agua.<br \/>\n\u2022 Resistentes a los rayones.<br \/>\n\u2022 100% ecol\u00f3gicos.<br \/>\n\u2022 Colores duraderos.<br \/>\n\u2022 F\u00e1ciles de instalar.<br \/>\n\u2022 Superficie terminada color avellana.<\/p>\n","protected":false},"featured_media":993,"comment_status":"closed","ping_status":"closed","template":"","meta":{"_mo_disable_npp":"","site-sidebar-layout":"default","site-content-layout":"","ast-site-content-layout":"default","site-content-style":"default","site-sidebar-style":"default","ast-global-header-display":"","ast-banner-title-visibility":"","ast-main-header-display":"","ast-hfb-above-header-display":"","ast-hfb-below-header-display":"","ast-hfb-mobile-header-display":"","site-post-title":"","ast-breadcrumbs-content":"","ast-featured-img":"","footer-sml-layout":"","ast-disable-related-posts":"","theme-transparent-header-meta":"","adv-header-id-meta":"","stick-header-meta":"","header-above-stick-meta":"","header-main-stick-meta":"","header-below-stick-meta":"","astra-migrate-meta-layouts":"default","ast-page-background-enabled":"default","ast-page-background-meta":{"desktop":{"background-color":"var(--ast-global-color-4)","background-image":"","background-repeat":"repeat","background-position":"center center","background-size":"auto","background-attachment":"scroll","background-type":"","background-media":"","overlay-type":"","overlay-color":"","overlay-opacity":"","overlay-gradient":""},"tablet":{"background-color":"","background-image":"","background-repeat":"repeat","background-position":"center center","background-size":"auto","background-attachment":"scroll","background-type":"","background-media":"","overlay-type":"","overlay-color":"","overlay-opacity":"","overlay-gradient":""},"mobile":{"background-color":"","background-image":"","background-repeat":"repeat","background-position":"center center","background-size":"auto","background-attachment":"scroll","background-type":"","background-media":"","overlay-type":"","overlay-color":"","overlay-opacity":"","overlay-gradient":""}},"ast-content-background-meta":{"desktop":{"background-color":"var(--ast-global-color-5)","background-image":"","background-repeat":"repeat","background-position":"center center","background-size":"auto","background-attachment":"scroll","background-type":"","background-media":"","overlay-type":"","overlay-color":"","overlay-opacity":"","overlay-gradient":""},"tablet":{"background-color":"var(--ast-global-color-5)","background-image":"","background-repeat":"repeat","background-position":"center center","background-size":"auto","background-attachment":"scroll","background-type":"","background-media":"","overlay-type":"","overlay-color":"","overlay-opacity":"","overlay-gradient":""},"mobile":{"background-color":"var(--ast-global-color-5)","background-image":"","background-repeat":"repeat","background-position":"center center","background-size":"auto","background-attachment":"scroll","background-type":"","background-media":"","overlay-type":"","overlay-color":"","overlay-opacity":"","overlay-gradient":""}},"_vp_format_video_url":"","_vp_image_focal_point":[],"_joinchat":[]},"product_brand":[],"product_cat":[67],"product_tag":[],"class_list":{"0":"post-991","1":"product","2":"type-product","3":"status-publish","4":"has-post-thumbnail","6":"product_cat-zocalos","7":"desktop-align-left","8":"tablet-align-left","9":"mobile-align-left","11":"first","12":"instock","13":"shipping-taxable","14":"purchasable","15":"product-type-simple"},"_links":{"self":[{"href":"https:\/\/pisosinnovadores.com\/2023\/wp-json\/wp\/v2\/product\/991","targetHints":{"allow":["GET"]}}],"collection":[{"href":"https:\/\/pisosinnovadores.com\/2023\/wp-json\/wp\/v2\/product"}],"about":[{"href":"https:\/\/pisosinnovadores.com\/2023\/wp-json\/wp\/v2\/types\/product"}],"replies":[{"embeddable":true,"href":"https:\/\/pisosinnovadores.com\/2023\/wp-json\/wp\/v2\/comments?post=991"}],"wp:featuredmedia":[{"embeddable":true,"href":"https:\/\/pisosinnovadores.com\/2023\/wp-json\/wp\/v2\/media\/993"}],"wp:attachment":[{"href":"https:\/\/pisosinnovadores.com\/2023\/wp-json\/wp\/v2\/media?parent=991"}],"wp:term":[{"taxonomy":"product_brand","embeddable":true,"href":"https:\/\/pisosinnovadores.com\/2023\/wp-json\/wp\/v2\/product_brand?post=991"},{"taxonomy":"product_cat","embeddable":true,"href":"https:\/\/pisosinnovadores.com\/2023\/wp-json\/wp\/v2\/product_cat?post=991"},{"taxonomy":"product_tag","embeddable":true,"href":"https:\/\/pisosinnovadores.com\/2023\/wp-json\/wp\/v2\/product_tag?post=991"}],"curies":[{"name":"wp","href":"https:\/\/api.w.org\/{rel}","templated":true}]}}