{"id":880,"date":"2020-10-16T11:05:51","date_gmt":"2020-10-16T11:05:51","guid":{"rendered":"https:\/\/pisosinnovadores.com\/?post_type=product&#038;p=880"},"modified":"2025-07-23T12:17:14","modified_gmt":"2025-07-23T15:17:14","slug":"adhesivo-acrilico-kekol-k654-4-kg","status":"publish","type":"product","link":"https:\/\/pisosinnovadores.com\/2023\/producto\/adhesivo-acrilico-kekol-k654-4-kg\/","title":{"rendered":"Adhesivo Acr\u00edlico Kekol K654 4 kg"},"content":{"rendered":"<p>Adhesivo en dispersi\u00f3n <strong>acuosa<\/strong> con fuerte y r\u00e1pido agarre inicial, tiempo abierto<br \/>\nprologando, sin emisi\u00f3n de sustancias org\u00e1nicas vol\u00e1tiles, para pisos vin\u00edlicos de PVC.<br \/>\n\u2022 Libre de solventes<br \/>\n\u2022 Alto agarre inicial<br \/>\n\u2022 Buena adherencia final<br \/>\n\u2022 F\u00e1cil aplicaci\u00f3n<br \/>\n\u2022 Resistente a la humedad<br \/>\n\u2022 Permite correcciones durante la colocaci\u00f3n<br \/>\n\u2022 Resistente a la migraci\u00f3n de plastificantes<br \/>\n\u2022 Ecol\u00f3gico: No contiene plomo, cromo o mercurio<\/p>\n","protected":false},"excerpt":{"rendered":"<p>ESPECIFICACIONES T\u00c9CNICAS<br \/>\nColor del producto: Beige.<br \/>\nPel\u00edcula: Traslucida.<br \/>\nOlor: Arom\u00e1tico Caracter\u00edstico<br \/>\nConsistencia: Pasta cremosa.<br \/>\nViscosidad:(CPS \u2013 SP 7 \u2013 20 RPM) 1.000 a 2.000.<br \/>\npH: 7 + &#8211; 1.<br \/>\nS\u00f3lidos: (%) 65 + -1.<br \/>\nTemp. Transporte y Almacenamiento: Entre 10 y 35 \u00b0C<br \/>\nEstabilidad: 12 meses en envase original cerrado (Proteger de temperaturas extremas)<br \/>\nInflamabilidad: <strong>No Inflamable.<\/strong><\/p>\n","protected":false},"featured_media":8521,"comment_status":"closed","ping_status":"closed","template":"","meta":{"_mo_disable_npp":"","site-sidebar-layout":"default","site-content-layout":"","ast-site-content-layout":"default","site-content-style":"default","site-sidebar-style":"default","ast-global-header-display":"","ast-banner-title-visibility":"","ast-main-header-display":"","ast-hfb-above-header-display":"","ast-hfb-below-header-display":"","ast-hfb-mobile-header-display":"","site-post-title":"","ast-breadcrumbs-content":"","ast-featured-img":"","footer-sml-layout":"","ast-disable-related-posts":"","theme-transparent-header-meta":"default","adv-header-id-meta":"","stick-header-meta":"","header-above-stick-meta":"","header-main-stick-meta":"","header-below-stick-meta":"","astra-migrate-meta-layouts":"set","ast-page-background-enabled":"default","ast-page-background-meta":{"desktop":{"background-color":"var(--ast-global-color-4)","background-image":"","background-repeat":"repeat","background-position":"center center","background-size":"auto","background-attachment":"scroll","background-type":"","background-media":"","overlay-type":"","overlay-color":"","overlay-opacity":"","overlay-gradient":""},"tablet":{"background-color":"","background-image":"","background-repeat":"repeat","background-position":"center center","background-size":"auto","background-attachment":"scroll","background-type":"","background-media":"","overlay-type":"","overlay-color":"","overlay-opacity":"","overlay-gradient":""},"mobile":{"background-color":"","background-image":"","background-repeat":"repeat","background-position":"center center","background-size":"auto","background-attachment":"scroll","background-type":"","background-media":"","overlay-type":"","overlay-color":"","overlay-opacity":"","overlay-gradient":""}},"ast-content-background-meta":{"desktop":{"background-color":"var(--ast-global-color-5)","background-image":"","background-repeat":"repeat","background-position":"center center","background-size":"auto","background-attachment":"scroll","background-type":"","background-media":"","overlay-type":"","overlay-color":"","overlay-opacity":"","overlay-gradient":""},"tablet":{"background-color":"var(--ast-global-color-5)","background-image":"","background-repeat":"repeat","background-position":"center center","background-size":"auto","background-attachment":"scroll","background-type":"","background-media":"","overlay-type":"","overlay-color":"","overlay-opacity":"","overlay-gradient":""},"mobile":{"background-color":"var(--ast-global-color-5)","background-image":"","background-repeat":"repeat","background-position":"center center","background-size":"auto","background-attachment":"scroll","background-type":"","background-media":"","overlay-type":"","overlay-color":"","overlay-opacity":"","overlay-gradient":""}},"_vp_format_video_url":"","_vp_image_focal_point":[],"_joinchat":[]},"product_brand":[],"product_cat":[68],"product_tag":[],"class_list":{"0":"post-880","1":"product","2":"type-product","3":"status-publish","4":"has-post-thumbnail","6":"product_cat-pegamentos","7":"desktop-align-left","8":"tablet-align-left","9":"mobile-align-left","11":"first","12":"instock","13":"shipping-taxable","14":"purchasable","15":"product-type-simple"},"_links":{"self":[{"href":"https:\/\/pisosinnovadores.com\/2023\/wp-json\/wp\/v2\/product\/880","targetHints":{"allow":["GET"]}}],"collection":[{"href":"https:\/\/pisosinnovadores.com\/2023\/wp-json\/wp\/v2\/product"}],"about":[{"href":"https:\/\/pisosinnovadores.com\/2023\/wp-json\/wp\/v2\/types\/product"}],"replies":[{"embeddable":true,"href":"https:\/\/pisosinnovadores.com\/2023\/wp-json\/wp\/v2\/comments?post=880"}],"wp:featuredmedia":[{"embeddable":true,"href":"https:\/\/pisosinnovadores.com\/2023\/wp-json\/wp\/v2\/media\/8521"}],"wp:attachment":[{"href":"https:\/\/pisosinnovadores.com\/2023\/wp-json\/wp\/v2\/media?parent=880"}],"wp:term":[{"taxonomy":"product_brand","embeddable":true,"href":"https:\/\/pisosinnovadores.com\/2023\/wp-json\/wp\/v2\/product_brand?post=880"},{"taxonomy":"product_cat","embeddable":true,"href":"https:\/\/pisosinnovadores.com\/2023\/wp-json\/wp\/v2\/product_cat?post=880"},{"taxonomy":"product_tag","embeddable":true,"href":"https:\/\/pisosinnovadores.com\/2023\/wp-json\/wp\/v2\/product_tag?post=880"}],"curies":[{"name":"wp","href":"https:\/\/api.w.org\/{rel}","templated":true}]}}