{"id":8533,"date":"2025-07-23T12:56:45","date_gmt":"2025-07-23T15:56:45","guid":{"rendered":"https:\/\/pisosinnovadores.com\/2023\/?post_type=product&#038;p=8533"},"modified":"2025-07-23T12:59:08","modified_gmt":"2025-07-23T15:59:08","slug":"oxley-592-ultimate","status":"publish","type":"product","link":"https:\/\/pisosinnovadores.com\/2023\/producto\/oxley-592-ultimate\/","title":{"rendered":"Oxley 592 &#8211; Ultimate"},"content":{"rendered":"<p>Piso vin\u00edlico en rollo para uso residencial. Leoline Ultimate Stone.<br \/>\nEspesor: 2,60 mm<br \/>\nCapa de uso: 0,35<br \/>\nR10 Antideslizante<br \/>\nAncho: 4 m<\/p>\n<div class=\"elementor-element elementor-element-2a62965 elementor-widget elementor-widget-heading\" data-id=\"2a62965\" data-element_type=\"widget\" data-widget_type=\"heading.default\">\n<div class=\"elementor-widget-container\">\n<h2 class=\"elementor-heading-title elementor-size-default\">LEOLINE ULTIMATE STONE<\/h2>\n<\/div>\n<\/div>\n<div class=\"elementor-element elementor-element-f54ec5e elementor-widget elementor-widget-text-editor\" data-id=\"f54ec5e\" data-element_type=\"widget\" data-widget_type=\"text-editor.default\">\n<div class=\"elementor-widget-container\">\n<div class=\"elementor-text-editor elementor-clearfix\">\n<p>Nuestros suelos de vinilo comprimido en Rollos Leoline para uso residencial o comercial moderado, fabricados en B\u00e9lgica por IVC, son la gama m\u00e1s Econ\u00f3mica, pero durables, elegantes y con impactantes dise\u00f1os para el hogar.<\/p>\n<p>Hay una gran variedad de estilos y colores para adaptarse a los distintos ambientes y gustos. Son 100% resistentes al agua y por su composici\u00f3n y su capa protectora PU repelen las manchas asi como la suciedad y las bacterias.<\/p>\n<\/div>\n<\/div>\n<\/div>\n<p><strong><br \/>\n<a href=\"https:\/\/pisosinnovadores.com\/wp-content\/uploads\/2020\/07\/support.svg\"><noscript><img decoding=\"async\" class=\"wp-image-659 alignleft\" data-skip-lazy src=\"https:\/\/pisosinnovadores.com\/wp-content\/uploads\/2020\/07\/support.svg\" alt=\"Dudas\" width=\"66\" height=\"63\" \/><\/noscript><img decoding=\"async\" class=\"wp-image-659 alignleft vp-lazyload\" src=\"data:image\/svg+xml;base64,PHN2ZyB3aWR0aD0iNjYiIGhlaWdodD0iNjMiIHZpZXdCb3g9IjAgMCA2NiA2MyIgZmlsbD0ibm9uZSIgeG1sbnM9Imh0dHA6Ly93d3cudzMub3JnLzIwMDAvc3ZnIj48L3N2Zz4=\" alt=\"Dudas\" width=\"66\" height=\"63\" data-src=\"https:\/\/pisosinnovadores.com\/wp-content\/uploads\/2020\/07\/support.svg\" data-sizes=\"auto\" loading=\"eager\"><\/a><br \/>\n<a href=\"https:\/\/wa.me\/+5493416814861\" target=\"_blank\" rel=\"noopener noreferrer\">Dudas?<\/a><\/strong><\/p>\n","protected":false},"excerpt":{"rendered":"<p>El precio publicado es por m2 sin colocaci\u00f3n. No incluye Masa Niveladora y Adhesivo.<br \/>\nPara cotizar la colocaci\u00f3n, contactate por WhatsApp.<br \/>\nPisos Vin\u00edlicos Leoline Ultimate Stone.<\/p>\n","protected":false},"featured_media":8534,"comment_status":"closed","ping_status":"closed","template":"","meta":{"_mo_disable_npp":"","site-sidebar-layout":"default","site-content-layout":"","ast-site-content-layout":"default","site-content-style":"default","site-sidebar-style":"default","ast-global-header-display":"","ast-banner-title-visibility":"","ast-main-header-display":"","ast-hfb-above-header-display":"","ast-hfb-below-header-display":"","ast-hfb-mobile-header-display":"","site-post-title":"","ast-breadcrumbs-content":"","ast-featured-img":"","footer-sml-layout":"","ast-disable-related-posts":"","theme-transparent-header-meta":"default","adv-header-id-meta":"","stick-header-meta":"","header-above-stick-meta":"","header-main-stick-meta":"","header-below-stick-meta":"","astra-migrate-meta-layouts":"set","ast-page-background-enabled":"default","ast-page-background-meta":{"desktop":{"background-color":"var(--ast-global-color-4)","background-image":"","background-repeat":"repeat","background-position":"center center","background-size":"auto","background-attachment":"scroll","background-type":"","background-media":"","overlay-type":"","overlay-color":"","overlay-opacity":"","overlay-gradient":""},"tablet":{"background-color":"","background-image":"","background-repeat":"repeat","background-position":"center center","background-size":"auto","background-attachment":"scroll","background-type":"","background-media":"","overlay-type":"","overlay-color":"","overlay-opacity":"","overlay-gradient":""},"mobile":{"background-color":"","background-image":"","background-repeat":"repeat","background-position":"center center","background-size":"auto","background-attachment":"scroll","background-type":"","background-media":"","overlay-type":"","overlay-color":"","overlay-opacity":"","overlay-gradient":""}},"ast-content-background-meta":{"desktop":{"background-color":"var(--ast-global-color-5)","background-image":"","background-repeat":"repeat","background-position":"center center","background-size":"auto","background-attachment":"scroll","background-type":"","background-media":"","overlay-type":"","overlay-color":"","overlay-opacity":"","overlay-gradient":""},"tablet":{"background-color":"var(--ast-global-color-5)","background-image":"","background-repeat":"repeat","background-position":"center center","background-size":"auto","background-attachment":"scroll","background-type":"","background-media":"","overlay-type":"","overlay-color":"","overlay-opacity":"","overlay-gradient":""},"mobile":{"background-color":"var(--ast-global-color-5)","background-image":"","background-repeat":"repeat","background-position":"center center","background-size":"auto","background-attachment":"scroll","background-type":"","background-media":"","overlay-type":"","overlay-color":"","overlay-opacity":"","overlay-gradient":""}},"_vp_format_video_url":"","_vp_image_focal_point":[],"_joinchat":[]},"product_brand":[],"product_cat":[65,104],"product_tag":[],"class_list":{"0":"post-8533","1":"product","2":"type-product","3":"status-publish","4":"has-post-thumbnail","6":"product_cat-pisos-rollo-comerciales","7":"product_cat-pisos-heterogeneos","8":"desktop-align-left","9":"tablet-align-left","10":"mobile-align-left","12":"first","13":"instock","14":"shipping-taxable","15":"product-type-simple"},"_links":{"self":[{"href":"https:\/\/pisosinnovadores.com\/2023\/wp-json\/wp\/v2\/product\/8533","targetHints":{"allow":["GET"]}}],"collection":[{"href":"https:\/\/pisosinnovadores.com\/2023\/wp-json\/wp\/v2\/product"}],"about":[{"href":"https:\/\/pisosinnovadores.com\/2023\/wp-json\/wp\/v2\/types\/product"}],"replies":[{"embeddable":true,"href":"https:\/\/pisosinnovadores.com\/2023\/wp-json\/wp\/v2\/comments?post=8533"}],"wp:featuredmedia":[{"embeddable":true,"href":"https:\/\/pisosinnovadores.com\/2023\/wp-json\/wp\/v2\/media\/8534"}],"wp:attachment":[{"href":"https:\/\/pisosinnovadores.com\/2023\/wp-json\/wp\/v2\/media?parent=8533"}],"wp:term":[{"taxonomy":"product_brand","embeddable":true,"href":"https:\/\/pisosinnovadores.com\/2023\/wp-json\/wp\/v2\/product_brand?post=8533"},{"taxonomy":"product_cat","embeddable":true,"href":"https:\/\/pisosinnovadores.com\/2023\/wp-json\/wp\/v2\/product_cat?post=8533"},{"taxonomy":"product_tag","embeddable":true,"href":"https:\/\/pisosinnovadores.com\/2023\/wp-json\/wp\/v2\/product_tag?post=8533"}],"curies":[{"name":"wp","href":"https:\/\/api.w.org\/{rel}","templated":true}]}}