{"id":8393,"date":"2025-07-08T12:25:39","date_gmt":"2025-07-08T15:25:39","guid":{"rendered":"https:\/\/pisosinnovadores.com\/2023\/?post_type=product&#038;p=8393"},"modified":"2025-07-08T12:27:54","modified_gmt":"2025-07-08T15:27:54","slug":"betong-grey-satinado-rectificado","status":"publish","type":"product","link":"https:\/\/pisosinnovadores.com\/2023\/producto\/betong-grey-satinado-rectificado\/","title":{"rendered":"Betong Grey Satinado Rectificado"},"content":{"rendered":"<p>Apto para exterior<br \/>\nMedidas: 46&#215;93 cm<br \/>\nCaja x 2,57 m2<br \/>\nPalet x 40 cajas<\/p>\n<p><strong><br \/>\n<a href=\"https:\/\/pisosinnovadores.com\/wp-content\/uploads\/2020\/07\/support.svg\"><noscript><img decoding=\"async\" class=\"wp-image-659 alignleft\" data-skip-lazy src=\"https:\/\/pisosinnovadores.com\/wp-content\/uploads\/2020\/07\/support.svg\" alt=\"Dudas\" width=\"66\" height=\"63\" \/><\/noscript><img decoding=\"async\" class=\"wp-image-659 alignleft vp-lazyload\" src=\"data:image\/svg+xml;base64,PHN2ZyB3aWR0aD0iNjYiIGhlaWdodD0iNjMiIHZpZXdCb3g9IjAgMCA2NiA2MyIgZmlsbD0ibm9uZSIgeG1sbnM9Imh0dHA6Ly93d3cudzMub3JnLzIwMDAvc3ZnIj48L3N2Zz4=\" alt=\"Dudas\" width=\"66\" height=\"63\" data-src=\"https:\/\/pisosinnovadores.com\/wp-content\/uploads\/2020\/07\/support.svg\" data-sizes=\"auto\" loading=\"eager\"><\/a><br \/>\n<a href=\"https:\/\/wa.me\/+5493416814861\">Dudas?<\/a><\/strong><\/p>\n","protected":false},"excerpt":{"rendered":"<p>El precio publicado es por m2 sin colocaci\u00f3n.<br \/>\nPara cotizar la colocaci\u00f3n, contactate por WhatsApp.<br \/>\nPiso vin\u00edlico encastrable Click Premium Design Floor L\u00ednea \u00daltimo<br \/>\nGrosor: 4,5. Capa de uso: 0,55 &#8211; Alto tr\u00e1nsito.<br \/>\nMedidas: 131 x 19,2 cm.<\/p>\n","protected":false},"featured_media":8394,"comment_status":"closed","ping_status":"closed","template":"","meta":{"_mo_disable_npp":"","site-sidebar-layout":"default","site-content-layout":"","ast-site-content-layout":"default","site-content-style":"default","site-sidebar-style":"default","ast-global-header-display":"","ast-banner-title-visibility":"","ast-main-header-display":"","ast-hfb-above-header-display":"","ast-hfb-below-header-display":"","ast-hfb-mobile-header-display":"","site-post-title":"","ast-breadcrumbs-content":"","ast-featured-img":"","footer-sml-layout":"","ast-disable-related-posts":"","theme-transparent-header-meta":"default","adv-header-id-meta":"","stick-header-meta":"","header-above-stick-meta":"","header-main-stick-meta":"","header-below-stick-meta":"","astra-migrate-meta-layouts":"set","ast-page-background-enabled":"default","ast-page-background-meta":{"desktop":{"background-color":"var(--ast-global-color-4)","background-image":"","background-repeat":"repeat","background-position":"center center","background-size":"auto","background-attachment":"scroll","background-type":"","background-media":"","overlay-type":"","overlay-color":"","overlay-opacity":"","overlay-gradient":""},"tablet":{"background-color":"","background-image":"","background-repeat":"repeat","background-position":"center center","background-size":"auto","background-attachment":"scroll","background-type":"","background-media":"","overlay-type":"","overlay-color":"","overlay-opacity":"","overlay-gradient":""},"mobile":{"background-color":"","background-image":"","background-repeat":"repeat","background-position":"center center","background-size":"auto","background-attachment":"scroll","background-type":"","background-media":"","overlay-type":"","overlay-color":"","overlay-opacity":"","overlay-gradient":""}},"ast-content-background-meta":{"desktop":{"background-color":"var(--ast-global-color-5)","background-image":"","background-repeat":"repeat","background-position":"center center","background-size":"auto","background-attachment":"scroll","background-type":"","background-media":"","overlay-type":"","overlay-color":"","overlay-opacity":"","overlay-gradient":""},"tablet":{"background-color":"var(--ast-global-color-5)","background-image":"","background-repeat":"repeat","background-position":"center center","background-size":"auto","background-attachment":"scroll","background-type":"","background-media":"","overlay-type":"","overlay-color":"","overlay-opacity":"","overlay-gradient":""},"mobile":{"background-color":"var(--ast-global-color-5)","background-image":"","background-repeat":"repeat","background-position":"center center","background-size":"auto","background-attachment":"scroll","background-type":"","background-media":"","overlay-type":"","overlay-color":"","overlay-opacity":"","overlay-gradient":""}},"_vp_format_video_url":"","_vp_image_focal_point":[],"_joinchat":[]},"product_brand":[],"product_cat":[111,109],"product_tag":[],"class_list":{"0":"post-8393","1":"product","2":"type-product","3":"status-publish","4":"has-post-thumbnail","6":"product_cat-esmaltados","7":"product_cat-pisos-ceramicos","8":"desktop-align-left","9":"tablet-align-left","10":"mobile-align-left","12":"first","13":"onbackorder","14":"shipping-taxable","15":"purchasable","16":"product-type-simple"},"_links":{"self":[{"href":"https:\/\/pisosinnovadores.com\/2023\/wp-json\/wp\/v2\/product\/8393","targetHints":{"allow":["GET"]}}],"collection":[{"href":"https:\/\/pisosinnovadores.com\/2023\/wp-json\/wp\/v2\/product"}],"about":[{"href":"https:\/\/pisosinnovadores.com\/2023\/wp-json\/wp\/v2\/types\/product"}],"replies":[{"embeddable":true,"href":"https:\/\/pisosinnovadores.com\/2023\/wp-json\/wp\/v2\/comments?post=8393"}],"wp:featuredmedia":[{"embeddable":true,"href":"https:\/\/pisosinnovadores.com\/2023\/wp-json\/wp\/v2\/media\/8394"}],"wp:attachment":[{"href":"https:\/\/pisosinnovadores.com\/2023\/wp-json\/wp\/v2\/media?parent=8393"}],"wp:term":[{"taxonomy":"product_brand","embeddable":true,"href":"https:\/\/pisosinnovadores.com\/2023\/wp-json\/wp\/v2\/product_brand?post=8393"},{"taxonomy":"product_cat","embeddable":true,"href":"https:\/\/pisosinnovadores.com\/2023\/wp-json\/wp\/v2\/product_cat?post=8393"},{"taxonomy":"product_tag","embeddable":true,"href":"https:\/\/pisosinnovadores.com\/2023\/wp-json\/wp\/v2\/product_tag?post=8393"}],"curies":[{"name":"wp","href":"https:\/\/api.w.org\/{rel}","templated":true}]}}