{"id":2814,"date":"2023-03-09T14:31:36","date_gmt":"2023-03-09T14:31:36","guid":{"rendered":"https:\/\/pisosinnovadores.com\/?post_type=product&#038;p=2814"},"modified":"2024-10-02T12:43:57","modified_gmt":"2024-10-02T15:43:57","slug":"chestnuk-oak-w35-tempo","status":"publish","type":"product","link":"https:\/\/pisosinnovadores.com\/2023\/producto\/chestnuk-oak-w35-tempo\/","title":{"rendered":"Chestnuk Oak W35 &#8211; Tempo"},"content":{"rendered":"<div class=\"c-intro-block__title\">\n<p class=\"u-text-large u-margin-bottom u-margin-top-tiny u-w100\" data-webid=\"sub-title\"><strong>IVC Tempo<\/strong><br \/>\nEn la colecci\u00f3n Tempo l<span style=\"font-family: var(--muli); font-size: var(--font-size);\">os tonos intensos muestran sus colores m\u00e1s hermosos en una exhibici\u00f3n detallada de los betas caracter\u00edsticos del roble.<\/span><\/p>\n<\/div>\n<ul class=\"c-list c-list--circle c-list--data c-list--col2@mobile col u-margin-none u-text-small\">\n<li class=\"c-list__item\" data-webid=\"technical-property\">Capa de uso: 0,50 mm<\/li>\n<li class=\"c-list__item\" data-webid=\"technical-property\">Tratamiento de la capa de uso: Superguard<\/li>\n<li class=\"c-list__item\" data-webid=\"technical-property\">Nivel de uso: 23 &#8211; 33<\/li>\n<li class=\"c-list__item\" data-webid=\"technical-property\">Resistencia al deslizamiento: R10<\/li>\n<li class=\"c-list__item\" data-webid=\"technical-property\">M\u00e9todo de instalaci\u00f3n: completamente pegado<\/li>\n<\/ul>\n","protected":false},"excerpt":{"rendered":"<div data-webid=\"section\">\n<h4 class=\"u-text-bold\" data-webid=\"section-title\">Dise\u00f1o<\/h4>\n<ul>\n<li>Tipo de Piso COMPACTO<\/li>\n<li>Espesor: 2mm<\/li>\n<li>Peso: 2358 g \/ m\u00b2<\/li>\n<li>Capa de uso\/desgaste: <strong>0,50mm<\/strong><\/li>\n<li>Tratamiento de Desgaste: Superguard<\/li>\n<\/ul>\n<\/div>\n<div data-webid=\"section\">\n<h4 class=\"u-text-bold\" data-webid=\"section-title\">Actuaci\u00f3n<\/h4>\n<p>Nivel de uso: 23-33<\/p>\n<\/div>\n<div data-webid=\"section\">Resistencia al deslizamiento:<strong> R10<\/strong><\/div>\n<div data-webid=\"section\">Certificado de Resistencia al fuego: Bfl-S1<br \/>\nValor reflectante de luz: 11<\/div>\n","protected":false},"featured_media":2815,"comment_status":"closed","ping_status":"closed","template":"","meta":{"_mo_disable_npp":"","site-sidebar-layout":"default","site-content-layout":"","ast-site-content-layout":"default","site-content-style":"default","site-sidebar-style":"default","ast-global-header-display":"","ast-banner-title-visibility":"","ast-main-header-display":"","ast-hfb-above-header-display":"","ast-hfb-below-header-display":"","ast-hfb-mobile-header-display":"","site-post-title":"","ast-breadcrumbs-content":"","ast-featured-img":"","footer-sml-layout":"","ast-disable-related-posts":"","theme-transparent-header-meta":"","adv-header-id-meta":"","stick-header-meta":"","header-above-stick-meta":"","header-main-stick-meta":"","header-below-stick-meta":"","astra-migrate-meta-layouts":"default","ast-page-background-enabled":"default","ast-page-background-meta":{"desktop":{"background-color":"var(--ast-global-color-4)","background-image":"","background-repeat":"repeat","background-position":"center center","background-size":"auto","background-attachment":"scroll","background-type":"","background-media":"","overlay-type":"","overlay-color":"","overlay-opacity":"","overlay-gradient":""},"tablet":{"background-color":"","background-image":"","background-repeat":"repeat","background-position":"center center","background-size":"auto","background-attachment":"scroll","background-type":"","background-media":"","overlay-type":"","overlay-color":"","overlay-opacity":"","overlay-gradient":""},"mobile":{"background-color":"","background-image":"","background-repeat":"repeat","background-position":"center center","background-size":"auto","background-attachment":"scroll","background-type":"","background-media":"","overlay-type":"","overlay-color":"","overlay-opacity":"","overlay-gradient":""}},"ast-content-background-meta":{"desktop":{"background-color":"var(--ast-global-color-5)","background-image":"","background-repeat":"repeat","background-position":"center center","background-size":"auto","background-attachment":"scroll","background-type":"","background-media":"","overlay-type":"","overlay-color":"","overlay-opacity":"","overlay-gradient":""},"tablet":{"background-color":"var(--ast-global-color-5)","background-image":"","background-repeat":"repeat","background-position":"center center","background-size":"auto","background-attachment":"scroll","background-type":"","background-media":"","overlay-type":"","overlay-color":"","overlay-opacity":"","overlay-gradient":""},"mobile":{"background-color":"var(--ast-global-color-5)","background-image":"","background-repeat":"repeat","background-position":"center center","background-size":"auto","background-attachment":"scroll","background-type":"","background-media":"","overlay-type":"","overlay-color":"","overlay-opacity":"","overlay-gradient":""}},"_vp_format_video_url":"","_vp_image_focal_point":[],"_joinchat":[]},"product_brand":[],"product_cat":[64],"product_tag":[],"class_list":{"0":"post-2814","1":"product","2":"type-product","3":"status-publish","4":"has-post-thumbnail","6":"product_cat-pisos-rollo-residenciales","7":"desktop-align-left","8":"tablet-align-left","9":"mobile-align-left","11":"first","12":"instock","13":"shipping-taxable","14":"purchasable","15":"product-type-simple"},"_links":{"self":[{"href":"https:\/\/pisosinnovadores.com\/2023\/wp-json\/wp\/v2\/product\/2814","targetHints":{"allow":["GET"]}}],"collection":[{"href":"https:\/\/pisosinnovadores.com\/2023\/wp-json\/wp\/v2\/product"}],"about":[{"href":"https:\/\/pisosinnovadores.com\/2023\/wp-json\/wp\/v2\/types\/product"}],"replies":[{"embeddable":true,"href":"https:\/\/pisosinnovadores.com\/2023\/wp-json\/wp\/v2\/comments?post=2814"}],"wp:featuredmedia":[{"embeddable":true,"href":"https:\/\/pisosinnovadores.com\/2023\/wp-json\/wp\/v2\/media\/2815"}],"wp:attachment":[{"href":"https:\/\/pisosinnovadores.com\/2023\/wp-json\/wp\/v2\/media?parent=2814"}],"wp:term":[{"taxonomy":"product_brand","embeddable":true,"href":"https:\/\/pisosinnovadores.com\/2023\/wp-json\/wp\/v2\/product_brand?post=2814"},{"taxonomy":"product_cat","embeddable":true,"href":"https:\/\/pisosinnovadores.com\/2023\/wp-json\/wp\/v2\/product_cat?post=2814"},{"taxonomy":"product_tag","embeddable":true,"href":"https:\/\/pisosinnovadores.com\/2023\/wp-json\/wp\/v2\/product_tag?post=2814"}],"curies":[{"name":"wp","href":"https:\/\/api.w.org\/{rel}","templated":true}]}}