{"id":1166,"date":"2021-04-16T16:23:30","date_gmt":"2021-04-16T16:23:30","guid":{"rendered":"https:\/\/pisosinnovadores.com\/?post_type=product&#038;p=1166"},"modified":"2025-11-11T16:12:50","modified_gmt":"2025-11-11T19:12:50","slug":"crystal-optimise-70-acustico","status":"publish","type":"product","link":"https:\/\/pisosinnovadores.com\/2023\/producto\/crystal-optimise-70-acustico\/","title":{"rendered":"Crystal &#8211; Optimise 70 Ac\u00fastico"},"content":{"rendered":"<p>Piso vin\u00edlico en rollo para uso comercial. IVC Optimise 70<br \/>\nEspesor: 3,40mm<br \/>\nCapa de uso :<strong> 0,70 mm<\/strong><br \/>\nReducci\u00f3n de Sonido: <strong>19db<\/strong><br \/>\nR10 Antideslizante<\/p>\n<p>Medidas: Ancho 2 metros<\/p>\n<p><a href=\"https:\/\/pisosinnovadores.com\/wp-content\/uploads\/2020\/08\/itec01.png\"><noscript><img decoding=\"async\" class=\"size-full wp-image-544\" data-skip-lazy src=\"https:\/\/pisosinnovadores.com\/wp-content\/uploads\/2020\/08\/itec01.png\" alt=\"Itec Contract Floors\" width=\"116\" height=\"59\" srcset=\"https:\/\/pisosinnovadores.com\/2023\/wp-content\/uploads\/2020\/08\/itec01.png 116w, https:\/\/pisosinnovadores.com\/2023\/wp-content\/uploads\/2020\/08\/itec01-64x33.png 64w\" sizes=\"(max-width: 116px) 100vw, 116px\" \/><\/noscript><img decoding=\"async\" class=\"size-full wp-image-544 vp-lazyload\" src=\"https:\/\/pisosinnovadores.com\/wp-content\/uploads\/2020\/08\/itec01.png\" alt=\"Itec Contract Floors\" width=\"116\" height=\"59\" srcset=\"data:image\/svg+xml;base64,PHN2ZyB3aWR0aD0iMTE2IiBoZWlnaHQ9IjU5IiB2aWV3Qm94PSIwIDAgMTE2IDU5IiBmaWxsPSJub25lIiB4bWxucz0iaHR0cDovL3d3dy53My5vcmcvMjAwMC9zdmciPjwvc3ZnPg==\" data-src=\"https:\/\/pisosinnovadores.com\/wp-content\/uploads\/2020\/08\/itec01.png\" data-srcset=\"https:\/\/pisosinnovadores.com\/2023\/wp-content\/uploads\/2020\/08\/itec01.png 116w, https:\/\/pisosinnovadores.com\/2023\/wp-content\/uploads\/2020\/08\/itec01-64x33.png 64w\" data-sizes=\"auto\" loading=\"eager\"><\/a><\/p>\n<div class=\"elementor-element elementor-element-2a62965 elementor-widget elementor-widget-heading\" data-id=\"2a62965\" data-element_type=\"widget\" data-widget_type=\"heading.default\">\n<div class=\"elementor-widget-container\">\n<h2 class=\"elementor-heading-title elementor-size-default\">IVC OPTIMISE 70 AC\u00daSTICO<\/h2>\n<\/div>\n<\/div>\n<div class=\"elementor-element elementor-element-f54ec5e elementor-widget elementor-widget-text-editor\" data-id=\"f54ec5e\" data-element_type=\"widget\" data-widget_type=\"text-editor.default\">\n<div class=\"elementor-widget-container\">\n<div class=\"elementor-text-editor elementor-clearfix\">\n<p>Es un piso de muy buenas prestaciones ac\u00fasticas que ayudan a reducir los dos tipos de ruido que hay en un ambiente: el ruido del impacto de la circulaci\u00f3n de personas y el ruido ambiental, son el complemento ideal de otros materiales ac\u00fasticos combatir la propagaci\u00f3n del sonido (eco) y para reducir los decibeles a un nivel impresionante:<strong> 19db.<\/strong><\/p>\n<p><a href=\"https:\/\/pisosinnovadores.com\/wp-content\/uploads\/2020\/07\/info.svg\"><noscript><img decoding=\"async\" class=\"wp-image-658 alignleft\" data-skip-lazy src=\"https:\/\/pisosinnovadores.com\/wp-content\/uploads\/2020\/07\/info.svg\" alt=\"M\u00e1s info\" width=\"66\" height=\"64\" \/><\/noscript><img decoding=\"async\" class=\"wp-image-658 alignleft vp-lazyload\" src=\"data:image\/svg+xml;base64,PHN2ZyB3aWR0aD0iNjYiIGhlaWdodD0iNjQiIHZpZXdCb3g9IjAgMCA2NiA2NCIgZmlsbD0ibm9uZSIgeG1sbnM9Imh0dHA6Ly93d3cudzMub3JnLzIwMDAvc3ZnIj48L3N2Zz4=\" alt=\"M\u00e1s info\" width=\"66\" height=\"64\" data-src=\"https:\/\/pisosinnovadores.com\/wp-content\/uploads\/2020\/07\/info.svg\" data-sizes=\"auto\" loading=\"eager\"><\/a><br \/>\n<a href=\"https:\/\/pisosinnovadores.com\/pisos-vinilicos-rollos-comerciales\/\" target=\"_blank\" rel=\"noopener noreferrer\"><strong>M\u00e1s info \u00bb<\/strong><\/a><\/p>\n<p>&nbsp;<\/p>\n<\/div>\n<p><a href=\"https:\/\/pisosinnovadores.com\/wp-content\/uploads\/2020\/07\/survey.svg\"><noscript><img decoding=\"async\" class=\"wp-image-660 alignleft\" data-skip-lazy src=\"https:\/\/pisosinnovadores.com\/wp-content\/uploads\/2020\/07\/survey.svg\" alt=\"Ficha t\u00e9cnica\" width=\"71\" height=\"71\" \/><\/noscript><img decoding=\"async\" class=\"wp-image-660 alignleft vp-lazyload\" src=\"data:image\/svg+xml;base64,PHN2ZyB3aWR0aD0iNzEiIGhlaWdodD0iNzEiIHZpZXdCb3g9IjAgMCA3MSA3MSIgZmlsbD0ibm9uZSIgeG1sbnM9Imh0dHA6Ly93d3cudzMub3JnLzIwMDAvc3ZnIj48L3N2Zz4=\" alt=\"Ficha t\u00e9cnica\" width=\"71\" height=\"71\" data-src=\"https:\/\/pisosinnovadores.com\/wp-content\/uploads\/2020\/07\/survey.svg\" data-sizes=\"auto\" loading=\"eager\"><\/a><strong>Descargar ficha t\u00e9cnica \u00bb<a href=\"https:\/\/www.pisosinnovadores.com\/fichas-tecnicas\/Ficha-tecnica-Optimise.pdf\">https:\/\/www.pisosinnovadores.com\/fichas-tecnicas\/Ficha-tecnica-Optimise.pdf<\/a><\/strong><\/p>\n<p>&nbsp;<\/p>\n<\/div>\n<\/div>\n<p><strong><a href=\"https:\/\/pisosinnovadores.com\/wp-content\/uploads\/2020\/07\/wrench.svg\"><noscript><img loading=\"lazy\" decoding=\"async\" class=\"wp-image-661 alignleft\" data-skip-lazy src=\"https:\/\/pisosinnovadores.com\/wp-content\/uploads\/2020\/07\/wrench.svg\" alt=\"Instalaci\u00f3n\" width=\"60\" height=\"52\" \/><\/noscript><img loading=\"eager\" decoding=\"async\" class=\"wp-image-661 alignleft vp-lazyload\" src=\"data:image\/svg+xml;base64,PHN2ZyB3aWR0aD0iNjAiIGhlaWdodD0iNTIiIHZpZXdCb3g9IjAgMCA2MCA1MiIgZmlsbD0ibm9uZSIgeG1sbnM9Imh0dHA6Ly93d3cudzMub3JnLzIwMDAvc3ZnIj48L3N2Zz4=\" alt=\"Instalaci\u00f3n\" width=\"60\" height=\"52\" data-src=\"https:\/\/pisosinnovadores.com\/wp-content\/uploads\/2020\/07\/wrench.svg\" data-sizes=\"auto\"><\/a><a href=\"https:\/\/pisosinnovadores.com\/rollo-comercial-instalacion\/\" target=\"_blank\" rel=\"noopener noreferrer\">Instalaci\u00f3n<br \/>\ny mantenimiento \u00bb<\/a><\/strong><\/p>\n<p><strong><br \/>\n<a href=\"https:\/\/pisosinnovadores.com\/wp-content\/uploads\/2020\/07\/support.svg\"><noscript><img loading=\"lazy\" decoding=\"async\" class=\"wp-image-659 alignleft\" data-skip-lazy src=\"https:\/\/pisosinnovadores.com\/wp-content\/uploads\/2020\/07\/support.svg\" alt=\"Dudas\" width=\"66\" height=\"63\" \/><\/noscript><img loading=\"eager\" decoding=\"async\" class=\"wp-image-659 alignleft vp-lazyload\" src=\"data:image\/svg+xml;base64,PHN2ZyB3aWR0aD0iNjYiIGhlaWdodD0iNjMiIHZpZXdCb3g9IjAgMCA2NiA2MyIgZmlsbD0ibm9uZSIgeG1sbnM9Imh0dHA6Ly93d3cudzMub3JnLzIwMDAvc3ZnIj48L3N2Zz4=\" alt=\"Dudas\" width=\"66\" height=\"63\" data-src=\"https:\/\/pisosinnovadores.com\/wp-content\/uploads\/2020\/07\/support.svg\" data-sizes=\"auto\"><\/a><br \/>\n<a href=\"https:\/\/wa.me\/+5493416814861\" target=\"_blank\" rel=\"noopener noreferrer\">Dudas?<\/a><\/strong><\/p>\n","protected":false},"excerpt":{"rendered":"<p>El precio publicado es por m2 sin colocaci\u00f3n.<br \/>\nEste piso se instala con masa niveladora y pegamento, no incluidos en el precio.<br \/>\nPara cotizar la colocaci\u00f3n, cont\u00e1ctate por WhatsApp.<br \/>\nPisos Vin\u00edlicos IVC OPTIMISE 70 AC\u00daSTICO<\/p>\n","protected":false},"featured_media":1173,"comment_status":"closed","ping_status":"closed","template":"","meta":{"_mo_disable_npp":"","site-sidebar-layout":"default","site-content-layout":"","ast-site-content-layout":"default","site-content-style":"default","site-sidebar-style":"default","ast-global-header-display":"","ast-banner-title-visibility":"","ast-main-header-display":"","ast-hfb-above-header-display":"","ast-hfb-below-header-display":"","ast-hfb-mobile-header-display":"","site-post-title":"","ast-breadcrumbs-content":"","ast-featured-img":"","footer-sml-layout":"","ast-disable-related-posts":"","theme-transparent-header-meta":"default","adv-header-id-meta":"","stick-header-meta":"","header-above-stick-meta":"","header-main-stick-meta":"","header-below-stick-meta":"","astra-migrate-meta-layouts":"set","ast-page-background-enabled":"default","ast-page-background-meta":{"desktop":{"background-color":"var(--ast-global-color-4)","background-image":"","background-repeat":"repeat","background-position":"center center","background-size":"auto","background-attachment":"scroll","background-type":"","background-media":"","overlay-type":"","overlay-color":"","overlay-opacity":"","overlay-gradient":""},"tablet":{"background-color":"","background-image":"","background-repeat":"repeat","background-position":"center center","background-size":"auto","background-attachment":"scroll","background-type":"","background-media":"","overlay-type":"","overlay-color":"","overlay-opacity":"","overlay-gradient":""},"mobile":{"background-color":"","background-image":"","background-repeat":"repeat","background-position":"center center","background-size":"auto","background-attachment":"scroll","background-type":"","background-media":"","overlay-type":"","overlay-color":"","overlay-opacity":"","overlay-gradient":""}},"ast-content-background-meta":{"desktop":{"background-color":"var(--ast-global-color-5)","background-image":"","background-repeat":"repeat","background-position":"center center","background-size":"auto","background-attachment":"scroll","background-type":"","background-media":"","overlay-type":"","overlay-color":"","overlay-opacity":"","overlay-gradient":""},"tablet":{"background-color":"var(--ast-global-color-5)","background-image":"","background-repeat":"repeat","background-position":"center center","background-size":"auto","background-attachment":"scroll","background-type":"","background-media":"","overlay-type":"","overlay-color":"","overlay-opacity":"","overlay-gradient":""},"mobile":{"background-color":"var(--ast-global-color-5)","background-image":"","background-repeat":"repeat","background-position":"center center","background-size":"auto","background-attachment":"scroll","background-type":"","background-media":"","overlay-type":"","overlay-color":"","overlay-opacity":"","overlay-gradient":""}},"_vp_format_video_url":"","_vp_image_focal_point":[],"_joinchat":[]},"product_brand":[],"product_cat":[65,104],"product_tag":[],"class_list":{"0":"post-1166","1":"product","2":"type-product","3":"status-publish","4":"has-post-thumbnail","6":"product_cat-pisos-rollo-comerciales","7":"product_cat-pisos-heterogeneos","8":"desktop-align-left","9":"tablet-align-left","10":"mobile-align-left","12":"first","13":"onbackorder","14":"shipping-taxable","15":"product-type-simple"},"_links":{"self":[{"href":"https:\/\/pisosinnovadores.com\/2023\/wp-json\/wp\/v2\/product\/1166","targetHints":{"allow":["GET"]}}],"collection":[{"href":"https:\/\/pisosinnovadores.com\/2023\/wp-json\/wp\/v2\/product"}],"about":[{"href":"https:\/\/pisosinnovadores.com\/2023\/wp-json\/wp\/v2\/types\/product"}],"replies":[{"embeddable":true,"href":"https:\/\/pisosinnovadores.com\/2023\/wp-json\/wp\/v2\/comments?post=1166"}],"wp:featuredmedia":[{"embeddable":true,"href":"https:\/\/pisosinnovadores.com\/2023\/wp-json\/wp\/v2\/media\/1173"}],"wp:attachment":[{"href":"https:\/\/pisosinnovadores.com\/2023\/wp-json\/wp\/v2\/media?parent=1166"}],"wp:term":[{"taxonomy":"product_brand","embeddable":true,"href":"https:\/\/pisosinnovadores.com\/2023\/wp-json\/wp\/v2\/product_brand?post=1166"},{"taxonomy":"product_cat","embeddable":true,"href":"https:\/\/pisosinnovadores.com\/2023\/wp-json\/wp\/v2\/product_cat?post=1166"},{"taxonomy":"product_tag","embeddable":true,"href":"https:\/\/pisosinnovadores.com\/2023\/wp-json\/wp\/v2\/product_tag?post=1166"}],"curies":[{"name":"wp","href":"https:\/\/api.w.org\/{rel}","templated":true}]}}