{"id":610,"date":"2020-08-14T11:11:18","date_gmt":"2020-08-14T11:11:18","guid":{"rendered":"https:\/\/pisosinnovadores.com\/?page_id=610"},"modified":"2025-07-22T18:54:56","modified_gmt":"2025-07-22T21:54:56","slug":"click-premium-instalacion","status":"publish","type":"page","link":"https:\/\/pisosinnovadores.com\/2023\/click-premium-instalacion\/","title":{"rendered":"Instalaci\u00f3n y mantenimiento Pisos Click Premium"},"content":{"rendered":"\t\t<div data-elementor-type=\"wp-post\" data-elementor-id=\"610\" class=\"elementor elementor-610\">\n\t\t\t\t\t\t<section class=\"elementor-section elementor-top-section elementor-element elementor-element-483c16da elementor-section-height-min-height elementor-section-stretched elementor-section-boxed elementor-section-height-default elementor-section-items-middle\" data-id=\"483c16da\" data-element_type=\"section\" data-e-type=\"section\" data-settings=\"{&quot;background_background&quot;:&quot;classic&quot;,&quot;stretch_section&quot;:&quot;section-stretched&quot;}\">\n\t\t\t\t\t\t\t<div class=\"elementor-background-overlay\"><\/div>\n\t\t\t\t\t\t\t<div class=\"elementor-container elementor-column-gap-default\">\n\t\t\t\t\t<div class=\"elementor-column elementor-col-100 elementor-top-column elementor-element elementor-element-7983e632\" data-id=\"7983e632\" data-element_type=\"column\" data-e-type=\"column\">\n\t\t\t<div class=\"elementor-widget-wrap elementor-element-populated\">\n\t\t\t\t\t\t<section class=\"elementor-section elementor-inner-section elementor-element elementor-element-3fcded29 elementor-section-boxed elementor-section-height-default elementor-section-height-default\" data-id=\"3fcded29\" data-element_type=\"section\" data-e-type=\"section\">\n\t\t\t\t\t\t<div class=\"elementor-container elementor-column-gap-default\">\n\t\t\t\t\t<div class=\"elementor-column elementor-col-100 elementor-inner-column elementor-element elementor-element-697673b\" data-id=\"697673b\" data-element_type=\"column\" data-e-type=\"column\">\n\t\t\t<div class=\"elementor-widget-wrap elementor-element-populated\">\n\t\t\t\t\t\t<div class=\"elementor-element elementor-element-36ca57ed animated-slow elementor-invisible elementor-widget elementor-widget-heading\" data-id=\"36ca57ed\" data-element_type=\"widget\" data-e-type=\"widget\" data-settings=\"{&quot;_animation&quot;:&quot;fadeIn&quot;,&quot;_animation_delay&quot;:150}\" data-widget_type=\"heading.default\">\n\t\t\t\t<div class=\"elementor-widget-container\">\n\t\t\t\t\t<h2 class=\"elementor-heading-title elementor-size-default\">Instalaci\u00f3n y mantenimiento<br>PISOS CLICK PREMIUM<\/h2>\t\t\t\t<\/div>\n\t\t\t\t<\/div>\n\t\t\t\t\t<\/div>\n\t\t<\/div>\n\t\t\t\t\t<\/div>\n\t\t<\/section>\n\t\t\t\t\t<\/div>\n\t\t<\/div>\n\t\t\t\t\t<\/div>\n\t\t<\/section>\n\t\t\t\t<section class=\"elementor-section elementor-top-section elementor-element elementor-element-44a12d56 elementor-section-boxed elementor-section-height-default elementor-section-height-default\" data-id=\"44a12d56\" data-element_type=\"section\" data-e-type=\"section\">\n\t\t\t\t\t\t<div class=\"elementor-container elementor-column-gap-default\">\n\t\t\t\t\t<div class=\"elementor-column elementor-col-100 elementor-top-column elementor-element elementor-element-5ac6f1fe animated-slow elementor-invisible\" data-id=\"5ac6f1fe\" data-element_type=\"column\" data-e-type=\"column\" data-settings=\"{&quot;animation&quot;:&quot;fadeIn&quot;,&quot;animation_delay&quot;:250}\">\n\t\t\t<div class=\"elementor-widget-wrap elementor-element-populated\">\n\t\t\t\t\t\t<div class=\"elementor-element elementor-element-66fb60c elementor-widget elementor-widget-heading\" data-id=\"66fb60c\" data-element_type=\"widget\" data-e-type=\"widget\" data-widget_type=\"heading.default\">\n\t\t\t\t<div class=\"elementor-widget-container\">\n\t\t\t\t\t<h2 class=\"elementor-heading-title elementor-size-default\">INSTALACI\u00d3N<\/h2>\t\t\t\t<\/div>\n\t\t\t\t<\/div>\n\t\t\t\t<div class=\"elementor-element elementor-element-f951691 elementor-widget elementor-widget-text-editor\" data-id=\"f951691\" data-element_type=\"widget\" data-e-type=\"widget\" data-widget_type=\"text-editor.default\">\n\t\t\t\t<div class=\"elementor-widget-container\">\n\t\t\t\t\t\t\t\t\t<p>Si bien nuestros pisos click son de sencilla instalaci\u00f3n, siempre recomendamos que la misma sea a cargo de un instalador profesional, ya que las terminaciones y ciertos detalles requieren de experiencia, de lo contrario el tiempo que requiere la instalaci\u00f3n y el desperdicio de producto puede ser mucho mayor. Recordamos que la garant\u00eda cubre defectos de fabricaci\u00f3n, desgaste y\/o deterioro prematuro dentro de un uso normal. NO cubre defectos causados por una incorrecta colocaci\u00f3n.<\/p>\t\t\t\t\t\t\t\t<\/div>\n\t\t\t\t<\/div>\n\t\t\t\t<div class=\"elementor-element elementor-element-ba528bb elementor-widget elementor-widget-video\" data-id=\"ba528bb\" data-element_type=\"widget\" data-e-type=\"widget\" data-settings=\"{&quot;youtube_url&quot;:&quot;https:\\\/\\\/youtu.be\\\/_YTndcoW6yg&quot;,&quot;video_type&quot;:&quot;youtube&quot;,&quot;controls&quot;:&quot;yes&quot;}\" data-widget_type=\"video.default\">\n\t\t\t\t<div class=\"elementor-widget-container\">\n\t\t\t\t\t\t\t<div class=\"elementor-wrapper elementor-open-inline\">\n\t\t\t<div class=\"elementor-video\"><\/div>\t\t<\/div>\n\t\t\t\t\t\t<\/div>\n\t\t\t\t<\/div>\n\t\t\t\t<section class=\"elementor-section elementor-inner-section elementor-element elementor-element-9be6629 elementor-section-full_width elementor-section-height-default elementor-section-height-default\" data-id=\"9be6629\" data-element_type=\"section\" data-e-type=\"section\">\n\t\t\t\t\t\t<div class=\"elementor-container elementor-column-gap-default\">\n\t\t\t\t\t<div class=\"elementor-column elementor-col-50 elementor-inner-column elementor-element elementor-element-14ffce4\" data-id=\"14ffce4\" data-element_type=\"column\" data-e-type=\"column\">\n\t\t\t<div class=\"elementor-widget-wrap elementor-element-populated\">\n\t\t\t\t\t\t<div class=\"elementor-element elementor-element-6cbdb42 elementor-widget elementor-widget-text-editor\" data-id=\"6cbdb42\" data-element_type=\"widget\" data-e-type=\"widget\" data-widget_type=\"text-editor.default\">\n\t\t\t\t<div class=\"elementor-widget-container\">\n\t\t\t\t\t\t\t\t\t<div class=\"col-md-6 col-xs-12\"><h4 class=\"subtitle animate fadeInLeft\">SOBRE PISO EXISTENTE<\/h4><ul><li class=\"animate fadeInUp\">Nuestros pisos vin\u00edlicos click pueden ser instalados sobre distintos pisos ya existentes, por ejemplo sobre cer\u00e1micos, mosaicos, porcellanato, cemento alisado, pisos t\u00e9cnicos, inclusive sobre pisos de madera tradicionales, sin ning\u00fan tipo de insumo, siempre y cuando ninguno de estos tengan desniveles notorios.<\/li><li class=\"animate fadeInUp\">En el caso de cer\u00e1micos o porcellanatos cuando las juntas son mayores a 3mm de ancho y 2mm de profundidad, deben tratarse las mismas con masa niveladora&#8230;.para instalarlos sobre pisos de madera, se necesita que los mismos est\u00e9n en muy buenas condiciones, en cuanto a su estabilidad y firmeza.<\/li><li class=\"animate fadeInUp\">En el caso de alfombras siempre se debe quitar la misma y hacer tratamiento con masa niveladora.<\/li><li class=\"animate fadeInUp\">Las cajas de los pisos deben ser abiertas en el ambiente a instalar el d\u00eda anterior a la colocaci\u00f3n y la temperatura interior debe rondar entre 13 y 29 grados para lograr buenas condiciones de instalaci\u00f3n.<\/li><li class=\"animate fadeInUp\">Los elementos b\u00e1sicos para la instalaci\u00f3n son los siguientes: L\u00e1piz, Escuadra, cinta m\u00e9trica, trincheta o cutter y martillo de goma.<\/li><\/ul><\/div>\t\t\t\t\t\t\t\t<\/div>\n\t\t\t\t<\/div>\n\t\t\t\t\t<\/div>\n\t\t<\/div>\n\t\t\t\t<div class=\"elementor-column elementor-col-50 elementor-inner-column elementor-element elementor-element-222e1cb\" data-id=\"222e1cb\" data-element_type=\"column\" data-e-type=\"column\">\n\t\t\t<div class=\"elementor-widget-wrap elementor-element-populated\">\n\t\t\t\t\t\t<div class=\"elementor-element elementor-element-e1191a1 elementor-widget elementor-widget-text-editor\" data-id=\"e1191a1\" data-element_type=\"widget\" data-e-type=\"widget\" data-widget_type=\"text-editor.default\">\n\t\t\t\t<div class=\"elementor-widget-container\">\n\t\t\t\t\t\t\t\t\t<div class=\"col-md-6 col-xs-12\"><p class=\"subtitle animate fadeInLeft\">\u00a0<\/p><ul><li class=\"animate fadeInUp\">A los listones de la primer fila a colocar se le debe quitar el encastre del lado que sobresale. Y esta cara va hacia la pared, siempre dejando una separaci\u00f3n con la misma de m\u00ednimo 5mm que luego va a ser tapada por el z\u00f3calo. En esta primer fila el encastre es solo de cabeza y en las siguientes se posiciona el list\u00f3n en diagonal y se lo encastra primero de lado y luego de cabeza, para que este sea perfecto hay que pasarle un rolo peque\u00f1o o golpearlo suavemente con el martillo de goma. De esta forma quedan a nivel.<\/li><li class=\"animate fadeInUp\">Al encastrar de lado, a veces se generan peque\u00f1as luces entre los listones, para que esto no suceda se recomienda utilizar un corte del piso para encastrar al list\u00f3n golpeando suavemente sobre el mismo de forma de no da\u00f1ar la muesca del sistema click.<\/li><li class=\"animate fadeInUp\">Cuando se requieren cortes, medir con el list\u00f3n la superficie a completar y marcarlo con l\u00e1piz, los cortes se realizan con trincheta o cutter, marcando la superficie y doblando el list\u00f3n hasta lograr el quiebre. Utilizar escuadra para asegurar el corte recto.<\/li><\/ul><\/div>\t\t\t\t\t\t\t\t<\/div>\n\t\t\t\t<\/div>\n\t\t\t\t\t<\/div>\n\t\t<\/div>\n\t\t\t\t\t<\/div>\n\t\t<\/section>\n\t\t\t\t<div class=\"elementor-element elementor-element-8307265 elementor-widget elementor-widget-spacer\" data-id=\"8307265\" data-element_type=\"widget\" data-e-type=\"widget\" data-widget_type=\"spacer.default\">\n\t\t\t\t<div class=\"elementor-widget-container\">\n\t\t\t\t\t\t\t<div class=\"elementor-spacer\">\n\t\t\t<div class=\"elementor-spacer-inner\"><\/div>\n\t\t<\/div>\n\t\t\t\t\t\t<\/div>\n\t\t\t\t<\/div>\n\t\t\t\t<div class=\"elementor-element elementor-element-ebecdf5 elementor-widget-divider--view-line elementor-widget elementor-widget-divider\" data-id=\"ebecdf5\" data-element_type=\"widget\" data-e-type=\"widget\" data-widget_type=\"divider.default\">\n\t\t\t\t<div class=\"elementor-widget-container\">\n\t\t\t\t\t\t\t<div class=\"elementor-divider\">\n\t\t\t<span class=\"elementor-divider-separator\">\n\t\t\t\t\t\t<\/span>\n\t\t<\/div>\n\t\t\t\t\t\t<\/div>\n\t\t\t\t<\/div>\n\t\t\t\t<section class=\"elementor-section elementor-inner-section elementor-element elementor-element-c93010e elementor-section-boxed elementor-section-height-default elementor-section-height-default\" data-id=\"c93010e\" data-element_type=\"section\" data-e-type=\"section\">\n\t\t\t\t\t\t<div class=\"elementor-container elementor-column-gap-default\">\n\t\t\t\t\t<div class=\"elementor-column elementor-col-50 elementor-inner-column elementor-element elementor-element-d93d5f1\" data-id=\"d93d5f1\" data-element_type=\"column\" data-e-type=\"column\">\n\t\t\t<div class=\"elementor-widget-wrap elementor-element-populated\">\n\t\t\t\t\t\t<div class=\"elementor-element elementor-element-febe1ee elementor-widget elementor-widget-text-editor\" data-id=\"febe1ee\" data-element_type=\"widget\" data-e-type=\"widget\" data-widget_type=\"text-editor.default\">\n\t\t\t\t<div class=\"elementor-widget-container\">\n\t\t\t\t\t\t\t\t\t<div class=\"col-md-6 col-xs-12\"><h4 class=\"subtitle animate fadeInLeft\">SOBRE CARPETA<\/h4><ul><li class=\"animate fadeInUp\">La carpeta debe estar hecha correctamente y no debe poseer humedad.<\/li><li class=\"animate fadeInUp\">Remover los restos de material superficiales.<\/li><li class=\"animate fadeInUp\">Para una adecuada instalaci\u00f3n de los pisos vin\u00edlicos click, es necesario que la carpeta sea tratada con masa niveladora. De esta manera se rellenan todas las imperfecciones y se nivela perfectamente la misma quedando una superficie lisa y plana. El espesor aconsejable de la misma es de 2mm.<\/li><li class=\"animate fadeInUp\">Luego de 24 horas, la masa niveladora est\u00e1 en condiciones de ser lijada donde lo requiera. Antes de empezar la colocaci\u00f3n debe ser barrida para quitar todo polvillo remanente. No deben quedar part\u00edculas en la superficie.<\/li><li class=\"animate fadeInUp\">Las cajas de los pisos deben ser abiertas en el ambiente a instalar el d\u00eda anterior a la colocaci\u00f3n y la temperatura interior debe rondar entre 13 y 29 grados para lograr buenas condiciones de instalaci\u00f3n.<\/li><li class=\"animate fadeInUp\">Los elementos b\u00e1sicos para la instalaci\u00f3n son los siguientes: L\u00e1piz, Escuadra, cinta m\u00e9trica, trincheta o cutter y martillo de goma.<\/li><\/ul><\/div>\t\t\t\t\t\t\t\t<\/div>\n\t\t\t\t<\/div>\n\t\t\t\t\t<\/div>\n\t\t<\/div>\n\t\t\t\t<div class=\"elementor-column elementor-col-50 elementor-inner-column elementor-element elementor-element-5e9eee4\" data-id=\"5e9eee4\" data-element_type=\"column\" data-e-type=\"column\">\n\t\t\t<div class=\"elementor-widget-wrap elementor-element-populated\">\n\t\t\t\t\t\t<div class=\"elementor-element elementor-element-739cb92 elementor-widget elementor-widget-text-editor\" data-id=\"739cb92\" data-element_type=\"widget\" data-e-type=\"widget\" data-widget_type=\"text-editor.default\">\n\t\t\t\t<div class=\"elementor-widget-container\">\n\t\t\t\t\t\t\t\t\t<p>\u00a0<\/p><ul><li class=\"animate fadeInUp\">A los listones de la primer fila a colocar se le debe quitar el encastre del lado que sobresale. Y esta cara va hacia la pared, siempre dejando una separaci\u00f3n con la misma de m\u00ednimo 5mm que luego va a ser tapada por el z\u00f3calo. En esta primer fila el encastre es solo de cabeza y en las siguientes se posiciona el list\u00f3n en diagonal y se lo encastra primero de lado y luego de cabeza, para que este sea perfecto hay que pasarle un rolo peque\u00f1o o golpearlo suavemente con el martillo de goma. De esta forma quedan a nivel.<\/li><li class=\"animate fadeInUp\">Al encastrar de lado, a veces se generan peque\u00f1as luces entre los listones, para que esto no suceda se recomienda utilizar un corte del piso para encastrar al list\u00f3n golpeando suavemente sobre el mismo de forma de no da\u00f1ar la muesca del sistema click.<\/li><li class=\"animate fadeInUp\">Cuando se requieren cortes, medir con el list\u00f3n la superficie a completar y marcarlo con l\u00e1piz, los cortes se realizan con trincheta o cutter, marcando la superficie y doblando el list\u00f3n hasta lograr el quiebre. Utilizar escuadra para asegurar el corte recto.<\/li><\/ul><p>\u00a0<\/p><p>\u00a0<\/p>\t\t\t\t\t\t\t\t<\/div>\n\t\t\t\t<\/div>\n\t\t\t\t\t<\/div>\n\t\t<\/div>\n\t\t\t\t\t<\/div>\n\t\t<\/section>\n\t\t\t\t<div class=\"elementor-element elementor-element-c1a4066 elementor-widget elementor-widget-spacer\" data-id=\"c1a4066\" data-element_type=\"widget\" data-e-type=\"widget\" data-widget_type=\"spacer.default\">\n\t\t\t\t<div class=\"elementor-widget-container\">\n\t\t\t\t\t\t\t<div class=\"elementor-spacer\">\n\t\t\t<div class=\"elementor-spacer-inner\"><\/div>\n\t\t<\/div>\n\t\t\t\t\t\t<\/div>\n\t\t\t\t<\/div>\n\t\t\t\t<div class=\"elementor-element elementor-element-d9b931e elementor-widget elementor-widget-heading\" data-id=\"d9b931e\" data-element_type=\"widget\" data-e-type=\"widget\" data-widget_type=\"heading.default\">\n\t\t\t\t<div class=\"elementor-widget-container\">\n\t\t\t\t\t<h2 class=\"elementor-heading-title elementor-size-default\">LIMPIEZA Y MANTENIMIENTO<\/h2>\t\t\t\t<\/div>\n\t\t\t\t<\/div>\n\t\t\t\t<div class=\"elementor-element elementor-element-1de51cc elementor-widget elementor-widget-text-editor\" data-id=\"1de51cc\" data-element_type=\"widget\" data-e-type=\"widget\" data-widget_type=\"text-editor.default\">\n\t\t\t\t<div class=\"elementor-widget-container\">\n\t\t\t\t\t\t\t\t\t<p class=\"animate fadeInUp\">Nuestros pisos Vin\u00edlicos Click fueron dise\u00f1ados para tener una muy larga duraci\u00f3n en el mismo estado que el primer d\u00eda. Pero es necesario seguir estos simples consejos de limpieza y mantenimiento:<\/p><ul><li class=\"animate fadeInUp\">Para su limpieza usar solo un trapo h\u00famedo en agua con jab\u00f3n o detergente neutro y\/o aspiradora previa en caso de tener polvillo.<\/li><li class=\"animate fadeInUp\">Para manchas puntuales limpiar con un pa\u00f1o de microfibra o trapo manualmente, en el caso de que la mancha sea m\u00e1s profunda fregar m\u00e1s intensamente con esponja de vajilla con mayor cantidad de jab\u00f3n o detergente neutro.<\/li><li class=\"animate fadeInUp\">No es recomendable dejar charcos de aguas por periodos prolongados de tiempo.<\/li><li class=\"animate fadeInUp\">No usar productos que contengan ceras, abrasivos o \u00e1cidos ya que son absolutamente innecesarios, costosos y su uso regular o diario por periodos prolongados podr\u00eda afectar la capa de uso.<\/li><\/ul>\t\t\t\t\t\t\t\t<\/div>\n\t\t\t\t<\/div>\n\t\t\t\t<section class=\"elementor-section elementor-inner-section elementor-element elementor-element-a8ed2ab elementor-section-boxed elementor-section-height-default elementor-section-height-default\" data-id=\"a8ed2ab\" data-element_type=\"section\" data-e-type=\"section\">\n\t\t\t\t\t\t<div class=\"elementor-container elementor-column-gap-default\">\n\t\t\t\t\t<div class=\"elementor-column elementor-col-25 elementor-inner-column elementor-element elementor-element-363c5c7\" data-id=\"363c5c7\" data-element_type=\"column\" data-e-type=\"column\">\n\t\t\t<div class=\"elementor-widget-wrap elementor-element-populated\">\n\t\t\t\t\t\t<div class=\"elementor-element elementor-element-7b8aa19 elementor-position-top elementor-invisible elementor-widget elementor-widget-image-box\" data-id=\"7b8aa19\" data-element_type=\"widget\" data-e-type=\"widget\" data-settings=\"{&quot;_animation&quot;:&quot;fadeIn&quot;}\" data-widget_type=\"image-box.default\">\n\t\t\t\t<div class=\"elementor-widget-container\">\n\t\t\t\t\t<div class=\"elementor-image-box-wrapper\"><figure class=\"elementor-image-box-img\"><a href=\"https:\/\/pisosinnovadores.com\/2023\/wp-content\/uploads\/2025\/07\/guia-mantenimiento.pdf\" target=\"_blank\" tabindex=\"-1\"><img fetchpriority=\"high\" decoding=\"async\" width=\"207\" height=\"291\" src=\"https:\/\/pisosinnovadores.com\/2023\/wp-content\/uploads\/2025\/07\/tapa-mantenimiento.jpg\" class=\"attachment-large size-large wp-image-8310\" alt=\"\" srcset=\"https:\/\/pisosinnovadores.com\/2023\/wp-content\/uploads\/2025\/07\/tapa-mantenimiento.jpg 207w, https:\/\/pisosinnovadores.com\/2023\/wp-content\/uploads\/2025\/07\/tapa-mantenimiento-64x90.jpg 64w\" sizes=\"(max-width: 207px) 100vw, 207px\" \/><\/a><\/figure><div class=\"elementor-image-box-content\"><h3 class=\"elementor-image-box-title\"><a href=\"https:\/\/pisosinnovadores.com\/2023\/wp-content\/uploads\/2025\/07\/guia-mantenimiento.pdf\" target=\"_blank\">Manual de mantenimiento<\/a><\/h3><\/div><\/div>\t\t\t\t<\/div>\n\t\t\t\t<\/div>\n\t\t\t\t\t<\/div>\n\t\t<\/div>\n\t\t\t\t<div class=\"elementor-column elementor-col-25 elementor-inner-column elementor-element elementor-element-292094f\" data-id=\"292094f\" data-element_type=\"column\" data-e-type=\"column\">\n\t\t\t<div class=\"elementor-widget-wrap\">\n\t\t\t\t\t\t\t<\/div>\n\t\t<\/div>\n\t\t\t\t<div class=\"elementor-column elementor-col-25 elementor-inner-column elementor-element elementor-element-1417d52\" data-id=\"1417d52\" data-element_type=\"column\" data-e-type=\"column\">\n\t\t\t<div class=\"elementor-widget-wrap\">\n\t\t\t\t\t\t\t<\/div>\n\t\t<\/div>\n\t\t\t\t<div class=\"elementor-column elementor-col-25 elementor-inner-column elementor-element elementor-element-67424ad\" data-id=\"67424ad\" data-element_type=\"column\" data-e-type=\"column\">\n\t\t\t<div class=\"elementor-widget-wrap\">\n\t\t\t\t\t\t\t<\/div>\n\t\t<\/div>\n\t\t\t\t\t<\/div>\n\t\t<\/section>\n\t\t\t\t<div class=\"elementor-element elementor-element-9f15833 elementor-widget elementor-widget-spacer\" data-id=\"9f15833\" data-element_type=\"widget\" data-e-type=\"widget\" data-widget_type=\"spacer.default\">\n\t\t\t\t<div class=\"elementor-widget-container\">\n\t\t\t\t\t\t\t<div class=\"elementor-spacer\">\n\t\t\t<div class=\"elementor-spacer-inner\"><\/div>\n\t\t<\/div>\n\t\t\t\t\t\t<\/div>\n\t\t\t\t<\/div>\n\t\t\t\t\t<\/div>\n\t\t<\/div>\n\t\t\t\t\t<\/div>\n\t\t<\/section>\n\t\t\t\t<\/div>\n\t\t","protected":false},"excerpt":{"rendered":"<p>Instalaci\u00f3n y mantenimientoPISOS CLICK PREMIUM INSTALACI\u00d3N Si bien nuestros pisos click son de sencilla instalaci\u00f3n, siempre recomendamos que la misma [&hellip;]<\/p>\n","protected":false},"author":2,"featured_media":0,"parent":0,"menu_order":0,"comment_status":"closed","ping_status":"closed","template":"elementor_header_footer","meta":{"_mo_disable_npp":"","site-sidebar-layout":"default","site-content-layout":"","ast-site-content-layout":"default","site-content-style":"default","site-sidebar-style":"default","ast-global-header-display":"","ast-banner-title-visibility":"","ast-main-header-display":"","ast-hfb-above-header-display":"","ast-hfb-below-header-display":"","ast-hfb-mobile-header-display":"","site-post-title":"","ast-breadcrumbs-content":"","ast-featured-img":"","footer-sml-layout":"","ast-disable-related-posts":"","theme-transparent-header-meta":"","adv-header-id-meta":"","stick-header-meta":"","header-above-stick-meta":"","header-main-stick-meta":"","header-below-stick-meta":"","astra-migrate-meta-layouts":"default","ast-page-background-enabled":"default","ast-page-background-meta":{"desktop":{"background-color":"var(--ast-global-color-4)","background-image":"","background-repeat":"repeat","background-position":"center center","background-size":"auto","background-attachment":"scroll","background-type":"","background-media":"","overlay-type":"","overlay-color":"","overlay-opacity":"","overlay-gradient":""},"tablet":{"background-color":"","background-image":"","background-repeat":"repeat","background-position":"center center","background-size":"auto","background-attachment":"scroll","background-type":"","background-media":"","overlay-type":"","overlay-color":"","overlay-opacity":"","overlay-gradient":""},"mobile":{"background-color":"","background-image":"","background-repeat":"repeat","background-position":"center center","background-size":"auto","background-attachment":"scroll","background-type":"","background-media":"","overlay-type":"","overlay-color":"","overlay-opacity":"","overlay-gradient":""}},"ast-content-background-meta":{"desktop":{"background-color":"var(--ast-global-color-5)","background-image":"","background-repeat":"repeat","background-position":"center center","background-size":"auto","background-attachment":"scroll","background-type":"","background-media":"","overlay-type":"","overlay-color":"","overlay-opacity":"","overlay-gradient":""},"tablet":{"background-color":"var(--ast-global-color-5)","background-image":"","background-repeat":"repeat","background-position":"center center","background-size":"auto","background-attachment":"scroll","background-type":"","background-media":"","overlay-type":"","overlay-color":"","overlay-opacity":"","overlay-gradient":""},"mobile":{"background-color":"var(--ast-global-color-5)","background-image":"","background-repeat":"repeat","background-position":"center center","background-size":"auto","background-attachment":"scroll","background-type":"","background-media":"","overlay-type":"","overlay-color":"","overlay-opacity":"","overlay-gradient":""}},"_vp_format_video_url":"","_vp_image_focal_point":[],"_joinchat":[],"footnotes":""},"class_list":["post-610","page","type-page","status-publish","hentry"],"_links":{"self":[{"href":"https:\/\/pisosinnovadores.com\/2023\/wp-json\/wp\/v2\/pages\/610","targetHints":{"allow":["GET"]}}],"collection":[{"href":"https:\/\/pisosinnovadores.com\/2023\/wp-json\/wp\/v2\/pages"}],"about":[{"href":"https:\/\/pisosinnovadores.com\/2023\/wp-json\/wp\/v2\/types\/page"}],"author":[{"embeddable":true,"href":"https:\/\/pisosinnovadores.com\/2023\/wp-json\/wp\/v2\/users\/2"}],"replies":[{"embeddable":true,"href":"https:\/\/pisosinnovadores.com\/2023\/wp-json\/wp\/v2\/comments?post=610"}],"version-history":[{"count":12,"href":"https:\/\/pisosinnovadores.com\/2023\/wp-json\/wp\/v2\/pages\/610\/revisions"}],"predecessor-version":[{"id":8419,"href":"https:\/\/pisosinnovadores.com\/2023\/wp-json\/wp\/v2\/pages\/610\/revisions\/8419"}],"wp:attachment":[{"href":"https:\/\/pisosinnovadores.com\/2023\/wp-json\/wp\/v2\/media?parent=610"}],"curies":[{"name":"wp","href":"https:\/\/api.w.org\/{rel}","templated":true}]}}