{"id":594,"date":"2020-08-13T20:01:29","date_gmt":"2020-08-13T20:01:29","guid":{"rendered":"https:\/\/pisosinnovadores.com\/?page_id=594"},"modified":"2025-07-22T19:03:07","modified_gmt":"2025-07-22T22:03:07","slug":"rollo-residencial-instalacion","status":"publish","type":"page","link":"https:\/\/pisosinnovadores.com\/2023\/rollo-residencial-instalacion\/","title":{"rendered":"Instalaci\u00f3n y mantenimiento Pisos en rollo uso residencial"},"content":{"rendered":"\t\t<div data-elementor-type=\"wp-post\" data-elementor-id=\"594\" class=\"elementor elementor-594\">\n\t\t\t\t\t\t<section class=\"elementor-section elementor-top-section elementor-element elementor-element-483c16da elementor-section-height-min-height elementor-section-stretched elementor-section-boxed elementor-section-height-default elementor-section-items-middle\" data-id=\"483c16da\" data-element_type=\"section\" data-e-type=\"section\" data-settings=\"{&quot;background_background&quot;:&quot;classic&quot;,&quot;stretch_section&quot;:&quot;section-stretched&quot;}\">\n\t\t\t\t\t\t\t<div class=\"elementor-background-overlay\"><\/div>\n\t\t\t\t\t\t\t<div class=\"elementor-container elementor-column-gap-default\">\n\t\t\t\t\t<div class=\"elementor-column elementor-col-100 elementor-top-column elementor-element elementor-element-7983e632\" data-id=\"7983e632\" data-element_type=\"column\" data-e-type=\"column\">\n\t\t\t<div class=\"elementor-widget-wrap elementor-element-populated\">\n\t\t\t\t\t\t<section class=\"elementor-section elementor-inner-section elementor-element elementor-element-3fcded29 elementor-section-boxed elementor-section-height-default elementor-section-height-default\" data-id=\"3fcded29\" data-element_type=\"section\" data-e-type=\"section\">\n\t\t\t\t\t\t<div class=\"elementor-container elementor-column-gap-default\">\n\t\t\t\t\t<div class=\"elementor-column elementor-col-100 elementor-inner-column elementor-element elementor-element-697673b\" data-id=\"697673b\" data-element_type=\"column\" data-e-type=\"column\">\n\t\t\t<div class=\"elementor-widget-wrap elementor-element-populated\">\n\t\t\t\t\t\t<div class=\"elementor-element elementor-element-36ca57ed animated-slow elementor-invisible elementor-widget elementor-widget-heading\" data-id=\"36ca57ed\" data-element_type=\"widget\" data-e-type=\"widget\" data-settings=\"{&quot;_animation&quot;:&quot;fadeIn&quot;,&quot;_animation_delay&quot;:150}\" data-widget_type=\"heading.default\">\n\t\t\t\t<div class=\"elementor-widget-container\">\n\t\t\t\t\t<h2 class=\"elementor-heading-title elementor-size-default\">Instalaci\u00f3n y mantenimiento<br>PISOS en rollo uso residencial<\/h2>\t\t\t\t<\/div>\n\t\t\t\t<\/div>\n\t\t\t\t\t<\/div>\n\t\t<\/div>\n\t\t\t\t\t<\/div>\n\t\t<\/section>\n\t\t\t\t\t<\/div>\n\t\t<\/div>\n\t\t\t\t\t<\/div>\n\t\t<\/section>\n\t\t\t\t<section class=\"elementor-section elementor-top-section elementor-element elementor-element-44a12d56 elementor-section-boxed elementor-section-height-default elementor-section-height-default\" data-id=\"44a12d56\" data-element_type=\"section\" data-e-type=\"section\">\n\t\t\t\t\t\t<div class=\"elementor-container elementor-column-gap-default\">\n\t\t\t\t\t<div class=\"elementor-column elementor-col-100 elementor-top-column elementor-element elementor-element-5ac6f1fe animated-slow elementor-invisible\" data-id=\"5ac6f1fe\" data-element_type=\"column\" data-e-type=\"column\" data-settings=\"{&quot;animation&quot;:&quot;fadeIn&quot;,&quot;animation_delay&quot;:250}\">\n\t\t\t<div class=\"elementor-widget-wrap elementor-element-populated\">\n\t\t\t\t\t\t<section class=\"elementor-section elementor-inner-section elementor-element elementor-element-9be6629 elementor-section-full_width elementor-section-height-default elementor-section-height-default\" data-id=\"9be6629\" data-element_type=\"section\" data-e-type=\"section\">\n\t\t\t\t\t\t<div class=\"elementor-container elementor-column-gap-default\">\n\t\t\t\t\t<div class=\"elementor-column elementor-col-50 elementor-inner-column elementor-element elementor-element-14ffce4\" data-id=\"14ffce4\" data-element_type=\"column\" data-e-type=\"column\">\n\t\t\t<div class=\"elementor-widget-wrap elementor-element-populated\">\n\t\t\t\t\t\t<div class=\"elementor-element elementor-element-66fb60c elementor-widget elementor-widget-heading\" data-id=\"66fb60c\" data-element_type=\"widget\" data-e-type=\"widget\" data-widget_type=\"heading.default\">\n\t\t\t\t<div class=\"elementor-widget-container\">\n\t\t\t\t\t<h2 class=\"elementor-heading-title elementor-size-default\">INSTALACI\u00d3N<\/h2>\t\t\t\t<\/div>\n\t\t\t\t<\/div>\n\t\t\t\t<div class=\"elementor-element elementor-element-6cbdb42 elementor-widget elementor-widget-text-editor\" data-id=\"6cbdb42\" data-element_type=\"widget\" data-e-type=\"widget\" data-widget_type=\"text-editor.default\">\n\t\t\t\t<div class=\"elementor-widget-container\">\n\t\t\t\t\t\t\t\t\t<p>Los pisos vin\u00edlicos para uso domiciliario Leoline\u00ae pueden colocarse sobre: carpetas nuevas (hormig\u00f3n), revestimientos de cemento, baldosas cer\u00e1micas, porcelanatos, previo tratamiento con masa niveladora. En el caso de Alfombras , pisos de madera o pisos vinilicos pre-existentes se deber\u00e1n retirar previamente los mismos para luego hacer tratamiento con masa niveladora. Siempre antes de la nivelaci\u00f3n del piso existente, debe medirse la humedad del mismo con un higr\u00f3metro para comprobar que sea la adecuada para la colocaci\u00f3n.<\/p>\t\t\t\t\t\t\t\t<\/div>\n\t\t\t\t<\/div>\n\t\t\t\t\t<\/div>\n\t\t<\/div>\n\t\t\t\t<div class=\"elementor-column elementor-col-50 elementor-inner-column elementor-element elementor-element-222e1cb\" data-id=\"222e1cb\" data-element_type=\"column\" data-e-type=\"column\">\n\t\t\t<div class=\"elementor-widget-wrap elementor-element-populated\">\n\t\t\t\t\t\t<div class=\"elementor-element elementor-element-8d94584 elementor-widget elementor-widget-image\" data-id=\"8d94584\" data-element_type=\"widget\" data-e-type=\"widget\" data-widget_type=\"image.default\">\n\t\t\t\t<div class=\"elementor-widget-container\">\n\t\t\t\t\t\t\t\t\t\t\t\t\t\t\t<img fetchpriority=\"high\" decoding=\"async\" width=\"1004\" height=\"440\" src=\"https:\/\/pisosinnovadores.com\/2023\/wp-content\/uploads\/2020\/08\/instalacion-rollos-residenciales-01.jpg\" class=\"attachment-large size-large wp-image-596\" alt=\"INSTALACION ROLLOS RESIDENCIALES\" srcset=\"https:\/\/pisosinnovadores.com\/2023\/wp-content\/uploads\/2020\/08\/instalacion-rollos-residenciales-01.jpg 1004w, https:\/\/pisosinnovadores.com\/2023\/wp-content\/uploads\/2020\/08\/instalacion-rollos-residenciales-01-64x28.jpg 64w, https:\/\/pisosinnovadores.com\/2023\/wp-content\/uploads\/2020\/08\/instalacion-rollos-residenciales-01-300x131.jpg 300w, https:\/\/pisosinnovadores.com\/2023\/wp-content\/uploads\/2020\/08\/instalacion-rollos-residenciales-01-768x337.jpg 768w, https:\/\/pisosinnovadores.com\/2023\/wp-content\/uploads\/2020\/08\/instalacion-rollos-residenciales-01-600x263.jpg 600w\" sizes=\"(max-width: 1004px) 100vw, 1004px\" \/>\t\t\t\t\t\t\t\t\t\t\t\t\t\t\t<\/div>\n\t\t\t\t<\/div>\n\t\t\t\t\t<\/div>\n\t\t<\/div>\n\t\t\t\t\t<\/div>\n\t\t<\/section>\n\t\t\t\t<div class=\"elementor-element elementor-element-8307265 elementor-widget elementor-widget-spacer\" data-id=\"8307265\" data-element_type=\"widget\" data-e-type=\"widget\" data-widget_type=\"spacer.default\">\n\t\t\t\t<div class=\"elementor-widget-container\">\n\t\t\t\t\t\t\t<div class=\"elementor-spacer\">\n\t\t\t<div class=\"elementor-spacer-inner\"><\/div>\n\t\t<\/div>\n\t\t\t\t\t\t<\/div>\n\t\t\t\t<\/div>\n\t\t\t\t<section class=\"elementor-section elementor-inner-section elementor-element elementor-element-c93010e elementor-section-boxed elementor-section-height-default elementor-section-height-default\" data-id=\"c93010e\" data-element_type=\"section\" data-e-type=\"section\">\n\t\t\t\t\t\t<div class=\"elementor-container elementor-column-gap-default\">\n\t\t\t\t\t<div class=\"elementor-column elementor-col-50 elementor-inner-column elementor-element elementor-element-d93d5f1\" data-id=\"d93d5f1\" data-element_type=\"column\" data-e-type=\"column\">\n\t\t\t<div class=\"elementor-widget-wrap elementor-element-populated\">\n\t\t\t\t\t\t<div class=\"elementor-element elementor-element-28e1436 elementor-widget elementor-widget-image\" data-id=\"28e1436\" data-element_type=\"widget\" data-e-type=\"widget\" data-widget_type=\"image.default\">\n\t\t\t\t<div class=\"elementor-widget-container\">\n\t\t\t\t\t\t\t\t\t\t\t\t\t\t\t<noscript><img decoding=\"async\" width=\"1004\" height=\"407\" data-skip-lazy src=\"https:\/\/pisosinnovadores.com\/2023\/wp-content\/uploads\/2020\/08\/instalacion-rollos-residenciales-02.jpg\" class=\"attachment-large size-large wp-image-597\" alt=\"INSTALACION ROLLOS RESIDENCIALES\" srcset=\"https:\/\/pisosinnovadores.com\/2023\/wp-content\/uploads\/2020\/08\/instalacion-rollos-residenciales-02.jpg 1004w, https:\/\/pisosinnovadores.com\/2023\/wp-content\/uploads\/2020\/08\/instalacion-rollos-residenciales-02-64x26.jpg 64w, https:\/\/pisosinnovadores.com\/2023\/wp-content\/uploads\/2020\/08\/instalacion-rollos-residenciales-02-300x122.jpg 300w, https:\/\/pisosinnovadores.com\/2023\/wp-content\/uploads\/2020\/08\/instalacion-rollos-residenciales-02-768x311.jpg 768w, https:\/\/pisosinnovadores.com\/2023\/wp-content\/uploads\/2020\/08\/instalacion-rollos-residenciales-02-600x243.jpg 600w\" sizes=\"(max-width: 1004px) 100vw, 1004px\" \/><\/noscript><img decoding=\"async\" width=\"1004\" height=\"407\" src=\"https:\/\/pisosinnovadores.com\/2023\/wp-content\/uploads\/2020\/08\/instalacion-rollos-residenciales-02.jpg\" class=\"attachment-large size-large wp-image-597 vp-lazyload\" alt=\"INSTALACION ROLLOS RESIDENCIALES\" srcset=\"data:image\/svg+xml;base64,PHN2ZyB3aWR0aD0iMTAwNCIgaGVpZ2h0PSI0MDciIHZpZXdCb3g9IjAgMCAxMDA0IDQwNyIgZmlsbD0ibm9uZSIgeG1sbnM9Imh0dHA6Ly93d3cudzMub3JnLzIwMDAvc3ZnIj48L3N2Zz4=\" data-src=\"https:\/\/pisosinnovadores.com\/2023\/wp-content\/uploads\/2020\/08\/instalacion-rollos-residenciales-02.jpg\" data-srcset=\"https:\/\/pisosinnovadores.com\/2023\/wp-content\/uploads\/2020\/08\/instalacion-rollos-residenciales-02.jpg 1004w, https:\/\/pisosinnovadores.com\/2023\/wp-content\/uploads\/2020\/08\/instalacion-rollos-residenciales-02-64x26.jpg 64w, https:\/\/pisosinnovadores.com\/2023\/wp-content\/uploads\/2020\/08\/instalacion-rollos-residenciales-02-300x122.jpg 300w, https:\/\/pisosinnovadores.com\/2023\/wp-content\/uploads\/2020\/08\/instalacion-rollos-residenciales-02-768x311.jpg 768w, https:\/\/pisosinnovadores.com\/2023\/wp-content\/uploads\/2020\/08\/instalacion-rollos-residenciales-02-600x243.jpg 600w\" data-sizes=\"auto\" loading=\"eager\">\t\t\t\t\t\t\t\t\t\t\t\t\t\t\t<\/div>\n\t\t\t\t<\/div>\n\t\t\t\t\t<\/div>\n\t\t<\/div>\n\t\t\t\t<div class=\"elementor-column elementor-col-50 elementor-inner-column elementor-element elementor-element-5e9eee4\" data-id=\"5e9eee4\" data-element_type=\"column\" data-e-type=\"column\">\n\t\t\t<div class=\"elementor-widget-wrap elementor-element-populated\">\n\t\t\t\t\t\t<div class=\"elementor-element elementor-element-739cb92 elementor-widget elementor-widget-text-editor\" data-id=\"739cb92\" data-element_type=\"widget\" data-e-type=\"widget\" data-widget_type=\"text-editor.default\">\n\t\t\t\t<div class=\"elementor-widget-container\">\n\t\t\t\t\t\t\t\t\t<p>Una buena preparaci\u00f3n del suelo es fundamental para su posterior aspecto final del piso y una excelente adhesi\u00f3n del mismo. El aspecto final del suelo Leoline\u00ae ser\u00e1 tan bueno como la calidad de la base sobre la cual se encuentra instalado, el suelo deber ser duro y estar liso, limpio y seco as\u00ed como libre de irregularidades, para esto deben utilizarse materiales de muy buena calidad tanto para la nivelaci\u00f3n como para el pegado.<\/p>\t\t\t\t\t\t\t\t<\/div>\n\t\t\t\t<\/div>\n\t\t\t\t\t<\/div>\n\t\t<\/div>\n\t\t\t\t\t<\/div>\n\t\t<\/section>\n\t\t\t\t<div class=\"elementor-element elementor-element-c1a4066 elementor-widget elementor-widget-spacer\" data-id=\"c1a4066\" data-element_type=\"widget\" data-e-type=\"widget\" data-widget_type=\"spacer.default\">\n\t\t\t\t<div class=\"elementor-widget-container\">\n\t\t\t\t\t\t\t<div class=\"elementor-spacer\">\n\t\t\t<div class=\"elementor-spacer-inner\"><\/div>\n\t\t<\/div>\n\t\t\t\t\t\t<\/div>\n\t\t\t\t<\/div>\n\t\t\t\t<div class=\"elementor-element elementor-element-2a3be5a elementor-widget elementor-widget-video\" data-id=\"2a3be5a\" data-element_type=\"widget\" data-e-type=\"widget\" data-settings=\"{&quot;youtube_url&quot;:&quot;https:\\\/\\\/youtu.be\\\/_MfwWku9Cxo&quot;,&quot;video_type&quot;:&quot;youtube&quot;,&quot;controls&quot;:&quot;yes&quot;}\" data-widget_type=\"video.default\">\n\t\t\t\t<div class=\"elementor-widget-container\">\n\t\t\t\t\t\t\t<div class=\"elementor-wrapper elementor-open-inline\">\n\t\t\t<div class=\"elementor-video\"><\/div>\t\t<\/div>\n\t\t\t\t\t\t<\/div>\n\t\t\t\t<\/div>\n\t\t\t\t<div class=\"elementor-element elementor-element-f951691 elementor-widget elementor-widget-text-editor\" data-id=\"f951691\" data-element_type=\"widget\" data-e-type=\"widget\" data-widget_type=\"text-editor.default\">\n\t\t\t\t<div class=\"elementor-widget-container\">\n\t\t\t\t\t\t\t\t\t<p class=\"animate fadeInUp\">Los suelos Leoline\u00ae deben aclimatarse al lugar de instalaci\u00f3n o una zona equivalente durante al menos 12 a 24 horas antes de la instalaci\u00f3n. Recordamos que la temperatura interior donde se va a instalar no debe ser inferior a los 13 grados ni superior a los 30 grLados. Luego de instalado la temperatura interior puede ser de -2 a 40 grados. Son aptos para instalarse sobre losas radiantes, con la condici\u00f3n de que haya una temperatura constante de entre 15 y 18 grados durante la instalaci\u00f3n y luego de instalado ir incrementando 5 grados por d\u00eda hasta llegar al m\u00e1ximo de 27 grados (para mas detalle consult\u00e9nos)<\/p><p class=\"animate fadeInUp\">La instalaci\u00f3n de los pisos vinilicos Leoline\u00ae debe ser realizada por un instalador profesional. El mismo colocar\u00e1 los pa\u00f1os, har\u00e1 los cortes necesarios, colocar\u00e1 la cantidad de pegamento con la llana adecuada y a medida que el adhesivo seque parcialmente ira extendiendo el rollo evitando la formaci\u00f3n de burbujas con presiones y tensiones con los elementos adecuados (repetir este proceso hasta no ver ninguna imperfecci\u00f3n).<\/p>\t\t\t\t\t\t\t\t<\/div>\n\t\t\t\t<\/div>\n\t\t\t\t<div class=\"elementor-element elementor-element-d9b931e elementor-widget elementor-widget-heading\" data-id=\"d9b931e\" data-element_type=\"widget\" data-e-type=\"widget\" data-widget_type=\"heading.default\">\n\t\t\t\t<div class=\"elementor-widget-container\">\n\t\t\t\t\t<h2 class=\"elementor-heading-title elementor-size-default\">LIMPIEZA Y MANTENIMIENTO<\/h2>\t\t\t\t<\/div>\n\t\t\t\t<\/div>\n\t\t\t\t<div class=\"elementor-element elementor-element-1de51cc elementor-widget elementor-widget-text-editor\" data-id=\"1de51cc\" data-element_type=\"widget\" data-e-type=\"widget\" data-widget_type=\"text-editor.default\">\n\t\t\t\t<div class=\"elementor-widget-container\">\n\t\t\t\t\t\t\t\t\t<p>Unos procedimientos adecuados de mantenimiento ayudar\u00e1n a conservar el aspecto y prolongar\u00e1n la vida \u00fatil del suelo Leoline\u00ae. La frecuencia de mantenimiento depende del tipo y la intensidad de tr\u00e1nsito, el grado de suciedad y el color y el tipo del suelo. Los suelos Leoline\u00ae presentan una capa de barniz PU encima de la resistente capa antidesgaste. Dicho barniz protege contra la suciedad y facilita el mantenimiento general.<\/p>\t\t\t\t\t\t\t\t<\/div>\n\t\t\t\t<\/div>\n\t\t\t\t<section class=\"elementor-section elementor-inner-section elementor-element elementor-element-bc624aa elementor-section-boxed elementor-section-height-default elementor-section-height-default\" data-id=\"bc624aa\" data-element_type=\"section\" data-e-type=\"section\">\n\t\t\t\t\t\t<div class=\"elementor-container elementor-column-gap-default\">\n\t\t\t\t\t<div class=\"elementor-column elementor-col-50 elementor-inner-column elementor-element elementor-element-31079d1\" data-id=\"31079d1\" data-element_type=\"column\" data-e-type=\"column\">\n\t\t\t<div class=\"elementor-widget-wrap elementor-element-populated\">\n\t\t\t\t\t\t<div class=\"elementor-element elementor-element-8c97aff elementor-widget elementor-widget-heading\" data-id=\"8c97aff\" data-element_type=\"widget\" data-e-type=\"widget\" data-widget_type=\"heading.default\">\n\t\t\t\t<div class=\"elementor-widget-container\">\n\t\t\t\t\t<h2 class=\"elementor-heading-title elementor-size-default\">LIMPIEZA FRECUENTE<\/h2>\t\t\t\t<\/div>\n\t\t\t\t<\/div>\n\t\t\t\t<div class=\"elementor-element elementor-element-b768fb9 elementor-widget elementor-widget-text-editor\" data-id=\"b768fb9\" data-element_type=\"widget\" data-e-type=\"widget\" data-widget_type=\"text-editor.default\">\n\t\t\t\t<div class=\"elementor-widget-container\">\n\t\t\t\t\t\t\t\t\t<p class=\"animate fadeInUp\">1) Elimine la suciedad diaria con: barrido, fregado en seco, aspirado <br \/>2) Eliminaci\u00f3n de manchas y marcas: Pa\u00f1o h\u00famedo, esponja de mano <br \/>3) Fregado h\u00famedo: Pa\u00f1o h\u00famedo de micro fibra (valerina), trapo de piso tradicional h\u00famedo<\/p><p class=\"animate fadeInUp\">Si bien el producto es 100% resistente al agua, es bueno evitar cantidades excesivas de la misma, ya que puede demorar el secado y resultar resbaladizos para el tr\u00e1nsito.<\/p>\t\t\t\t\t\t\t\t<\/div>\n\t\t\t\t<\/div>\n\t\t\t\t\t<\/div>\n\t\t<\/div>\n\t\t\t\t<div class=\"elementor-column elementor-col-50 elementor-inner-column elementor-element elementor-element-20cc96d\" data-id=\"20cc96d\" data-element_type=\"column\" data-e-type=\"column\">\n\t\t\t<div class=\"elementor-widget-wrap elementor-element-populated\">\n\t\t\t\t\t\t<div class=\"elementor-element elementor-element-c28c8ad elementor-widget elementor-widget-image\" data-id=\"c28c8ad\" data-element_type=\"widget\" data-e-type=\"widget\" data-widget_type=\"image.default\">\n\t\t\t\t<div class=\"elementor-widget-container\">\n\t\t\t\t\t\t\t\t\t\t\t\t\t\t\t<noscript><img decoding=\"async\" width=\"1004\" height=\"531\" data-skip-lazy src=\"https:\/\/pisosinnovadores.com\/2023\/wp-content\/uploads\/2020\/08\/limpieza-rollos-residenciales.jpg\" class=\"attachment-large size-large wp-image-601\" alt=\"LIMPIEZA ROLLOS RESIDENCIALES\" srcset=\"https:\/\/pisosinnovadores.com\/2023\/wp-content\/uploads\/2020\/08\/limpieza-rollos-residenciales.jpg 1004w, https:\/\/pisosinnovadores.com\/2023\/wp-content\/uploads\/2020\/08\/limpieza-rollos-residenciales-64x34.jpg 64w, https:\/\/pisosinnovadores.com\/2023\/wp-content\/uploads\/2020\/08\/limpieza-rollos-residenciales-300x159.jpg 300w, https:\/\/pisosinnovadores.com\/2023\/wp-content\/uploads\/2020\/08\/limpieza-rollos-residenciales-768x406.jpg 768w, https:\/\/pisosinnovadores.com\/2023\/wp-content\/uploads\/2020\/08\/limpieza-rollos-residenciales-600x317.jpg 600w\" sizes=\"(max-width: 1004px) 100vw, 1004px\" \/><\/noscript><img decoding=\"async\" width=\"1004\" height=\"531\" src=\"https:\/\/pisosinnovadores.com\/2023\/wp-content\/uploads\/2020\/08\/limpieza-rollos-residenciales.jpg\" class=\"attachment-large size-large wp-image-601 vp-lazyload\" alt=\"LIMPIEZA ROLLOS RESIDENCIALES\" srcset=\"data:image\/svg+xml;base64,PHN2ZyB3aWR0aD0iMTAwNCIgaGVpZ2h0PSI1MzEiIHZpZXdCb3g9IjAgMCAxMDA0IDUzMSIgZmlsbD0ibm9uZSIgeG1sbnM9Imh0dHA6Ly93d3cudzMub3JnLzIwMDAvc3ZnIj48L3N2Zz4=\" data-src=\"https:\/\/pisosinnovadores.com\/2023\/wp-content\/uploads\/2020\/08\/limpieza-rollos-residenciales.jpg\" data-srcset=\"https:\/\/pisosinnovadores.com\/2023\/wp-content\/uploads\/2020\/08\/limpieza-rollos-residenciales.jpg 1004w, https:\/\/pisosinnovadores.com\/2023\/wp-content\/uploads\/2020\/08\/limpieza-rollos-residenciales-64x34.jpg 64w, https:\/\/pisosinnovadores.com\/2023\/wp-content\/uploads\/2020\/08\/limpieza-rollos-residenciales-300x159.jpg 300w, https:\/\/pisosinnovadores.com\/2023\/wp-content\/uploads\/2020\/08\/limpieza-rollos-residenciales-768x406.jpg 768w, https:\/\/pisosinnovadores.com\/2023\/wp-content\/uploads\/2020\/08\/limpieza-rollos-residenciales-600x317.jpg 600w\" data-sizes=\"auto\" loading=\"eager\">\t\t\t\t\t\t\t\t\t\t\t\t\t\t\t<\/div>\n\t\t\t\t<\/div>\n\t\t\t\t\t<\/div>\n\t\t<\/div>\n\t\t\t\t\t<\/div>\n\t\t<\/section>\n\t\t\t\t<div class=\"elementor-element elementor-element-9f15833 elementor-widget elementor-widget-spacer\" data-id=\"9f15833\" data-element_type=\"widget\" data-e-type=\"widget\" data-widget_type=\"spacer.default\">\n\t\t\t\t<div class=\"elementor-widget-container\">\n\t\t\t\t\t\t\t<div class=\"elementor-spacer\">\n\t\t\t<div class=\"elementor-spacer-inner\"><\/div>\n\t\t<\/div>\n\t\t\t\t\t\t<\/div>\n\t\t\t\t<\/div>\n\t\t\t\t<div class=\"elementor-element elementor-element-51de90a elementor-widget elementor-widget-text-editor\" data-id=\"51de90a\" data-element_type=\"widget\" data-e-type=\"widget\" data-widget_type=\"text-editor.default\">\n\t\t\t\t<div class=\"elementor-widget-container\">\n\t\t\t\t\t\t\t\t\t<p class=\"animate fadeInUp\">Los pisos vin\u00edlicos Leoline\u00ae poseen una capa protectora PU, por lo que no es necesario ni aconsejable usar productos qu\u00edmicos, cloro, ceras, amoniacos, etc. para evitar da\u00f1ar la capa de uso en el largo plazo. Para su limpieza, se deben usar productos con PH neutro (alrededor de 7 a 8) como detergentes, perfuminas, jabones, desinfectantes siempre que sean neutros y se respete las proporciones recomendadas por el fabricante.<\/p><p class=\"animate fadeInUp\">Para evitar rayaduras permanentes del piso se recomienda no deslizar muebles u objetos pesados que no posean protecci\u00f3n en sus puntos de apoyo.<\/p><p class=\"animate fadeInUp\">Evitar felpudos o productos con la parte inferior de goma o lat\u00e9x por periodos prologandos en el mismo sitio ya que podr\u00edan dejar manchar.<\/p>\t\t\t\t\t\t\t\t<\/div>\n\t\t\t\t<\/div>\n\t\t\t\t\t<\/div>\n\t\t<\/div>\n\t\t\t\t\t<\/div>\n\t\t<\/section>\n\t\t\t\t<\/div>\n\t\t","protected":false},"excerpt":{"rendered":"<p>Instalaci\u00f3n y mantenimientoPISOS en rollo uso residencial INSTALACI\u00d3N Los pisos vin\u00edlicos para uso domiciliario Leoline\u00ae pueden colocarse sobre: carpetas nuevas [&hellip;]<\/p>\n","protected":false},"author":2,"featured_media":0,"parent":0,"menu_order":0,"comment_status":"closed","ping_status":"closed","template":"elementor_header_footer","meta":{"_mo_disable_npp":"","site-sidebar-layout":"default","site-content-layout":"","ast-site-content-layout":"default","site-content-style":"default","site-sidebar-style":"default","ast-global-header-display":"","ast-banner-title-visibility":"","ast-main-header-display":"","ast-hfb-above-header-display":"","ast-hfb-below-header-display":"","ast-hfb-mobile-header-display":"","site-post-title":"","ast-breadcrumbs-content":"","ast-featured-img":"","footer-sml-layout":"","ast-disable-related-posts":"","theme-transparent-header-meta":"","adv-header-id-meta":"","stick-header-meta":"","header-above-stick-meta":"","header-main-stick-meta":"","header-below-stick-meta":"","astra-migrate-meta-layouts":"default","ast-page-background-enabled":"default","ast-page-background-meta":{"desktop":{"background-color":"var(--ast-global-color-4)","background-image":"","background-repeat":"repeat","background-position":"center center","background-size":"auto","background-attachment":"scroll","background-type":"","background-media":"","overlay-type":"","overlay-color":"","overlay-opacity":"","overlay-gradient":""},"tablet":{"background-color":"","background-image":"","background-repeat":"repeat","background-position":"center center","background-size":"auto","background-attachment":"scroll","background-type":"","background-media":"","overlay-type":"","overlay-color":"","overlay-opacity":"","overlay-gradient":""},"mobile":{"background-color":"","background-image":"","background-repeat":"repeat","background-position":"center center","background-size":"auto","background-attachment":"scroll","background-type":"","background-media":"","overlay-type":"","overlay-color":"","overlay-opacity":"","overlay-gradient":""}},"ast-content-background-meta":{"desktop":{"background-color":"var(--ast-global-color-5)","background-image":"","background-repeat":"repeat","background-position":"center center","background-size":"auto","background-attachment":"scroll","background-type":"","background-media":"","overlay-type":"","overlay-color":"","overlay-opacity":"","overlay-gradient":""},"tablet":{"background-color":"var(--ast-global-color-5)","background-image":"","background-repeat":"repeat","background-position":"center center","background-size":"auto","background-attachment":"scroll","background-type":"","background-media":"","overlay-type":"","overlay-color":"","overlay-opacity":"","overlay-gradient":""},"mobile":{"background-color":"var(--ast-global-color-5)","background-image":"","background-repeat":"repeat","background-position":"center center","background-size":"auto","background-attachment":"scroll","background-type":"","background-media":"","overlay-type":"","overlay-color":"","overlay-opacity":"","overlay-gradient":""}},"_vp_format_video_url":"","_vp_image_focal_point":[],"_joinchat":[],"footnotes":""},"class_list":["post-594","page","type-page","status-publish","hentry"],"_links":{"self":[{"href":"https:\/\/pisosinnovadores.com\/2023\/wp-json\/wp\/v2\/pages\/594","targetHints":{"allow":["GET"]}}],"collection":[{"href":"https:\/\/pisosinnovadores.com\/2023\/wp-json\/wp\/v2\/pages"}],"about":[{"href":"https:\/\/pisosinnovadores.com\/2023\/wp-json\/wp\/v2\/types\/page"}],"author":[{"embeddable":true,"href":"https:\/\/pisosinnovadores.com\/2023\/wp-json\/wp\/v2\/users\/2"}],"replies":[{"embeddable":true,"href":"https:\/\/pisosinnovadores.com\/2023\/wp-json\/wp\/v2\/comments?post=594"}],"version-history":[{"count":12,"href":"https:\/\/pisosinnovadores.com\/2023\/wp-json\/wp\/v2\/pages\/594\/revisions"}],"predecessor-version":[{"id":8426,"href":"https:\/\/pisosinnovadores.com\/2023\/wp-json\/wp\/v2\/pages\/594\/revisions\/8426"}],"wp:attachment":[{"href":"https:\/\/pisosinnovadores.com\/2023\/wp-json\/wp\/v2\/media?parent=594"}],"curies":[{"name":"wp","href":"https:\/\/api.w.org\/{rel}","templated":true}]}}